{"id":2191,"date":"2025-03-16T15:32:12","date_gmt":"2025-03-16T11:32:12","guid":{"rendered":"https:\/\/b2b-armangroup.com\/product\/%d5%af%d5%b8%d5%b6%d5%b5%d5%a1%d5%af-%d5%a1%d6%80%d5%a1%d6%80%d5%a1%d5%bf-3-%d5%bf%d5%a1%d6%80%d5%be%d5%a1-%d5%b0%d5%b6%d5%a5%d6%81%d5%b4%d5%a1%d5%b6-1%d5%ac\/"},"modified":"2026-02-22T22:52:52","modified_gmt":"2026-02-22T18:52:52","slug":"%d5%af%d5%b8%d5%b6%d5%b5%d5%a1%d5%af-%d5%a1%d6%80%d5%a1%d6%80%d5%a1%d5%bf-3-%d5%bf%d5%a1%d6%80%d5%be%d5%a1-%d5%b0%d5%b6%d5%a5%d6%81%d5%b4%d5%a1%d5%b6-1%d5%ac","status":"publish","type":"product","link":"https:\/\/b2b-armangroup.com\/fr\/produit\/%d5%af%d5%b8%d5%b6%d5%b5%d5%a1%d5%af-%d5%a1%d6%80%d5%a1%d6%80%d5%a1%d5%bf-3-%d5%bf%d5%a1%d6%80%d5%be%d5%a1-%d5%b0%d5%b6%d5%a5%d6%81%d5%b4%d5%a1%d5%b6-1%d5%ac\/","title":{"rendered":"Brandy Ararat  - 3 ans d'\u00e2ge - 0.5L"},"content":{"rendered":"","protected":false},"excerpt":{"rendered":"<p class=\"p1\">Ararat 3 ans est un brandy arm\u00e9nien classique, \u00e9labor\u00e9 \u00e0 partir de raisins locaux et vieilli trois ans en f\u00fbts de ch\u00eane du Caucase. Il pr\u00e9sente une couleur dor\u00e9e claire, des ar\u00f4mes de fruits frais et de fines notes florales. En bouche, il est doux, \u00e9quilibr\u00e9 et harmonieux \u2014 parfait pour une d\u00e9gustation conviviale ou comme initiation au brandy arm\u00e9nien.<\/p>\n<p>14,60 \u20ac per bottle<\/p>","protected":false},"featured_media":13211,"comment_status":"open","ping_status":"closed","template":"","meta":{"_acf_changed":false},"product_brand":[],"product_cat":[174,196],"product_tag":[112,80,113],"class_list":{"0":"post-2191","1":"product","2":"type-product","3":"status-publish","4":"has-post-thumbnail","6":"product_cat-all-collections","7":"product_cat-brandy","8":"product_tag-112","9":"product_tag-80","10":"product_tag-113","12":"first","13":"instock","14":"shipping-taxable","15":"purchasable","16":"product-type-variable","17":"wvs-archive-product-wrapper"},"acf":[],"_links":{"self":[{"href":"https:\/\/b2b-armangroup.com\/fr\/wp-json\/wp\/v2\/product\/2191","targetHints":{"allow":["GET"]}}],"collection":[{"href":"https:\/\/b2b-armangroup.com\/fr\/wp-json\/wp\/v2\/product"}],"about":[{"href":"https:\/\/b2b-armangroup.com\/fr\/wp-json\/wp\/v2\/types\/product"}],"replies":[{"embeddable":true,"href":"https:\/\/b2b-armangroup.com\/fr\/wp-json\/wp\/v2\/comments?post=2191"}],"version-history":[{"count":3,"href":"https:\/\/b2b-armangroup.com\/fr\/wp-json\/wp\/v2\/product\/2191\/revisions"}],"predecessor-version":[{"id":13212,"href":"https:\/\/b2b-armangroup.com\/fr\/wp-json\/wp\/v2\/product\/2191\/revisions\/13212"}],"wp:featuredmedia":[{"embeddable":true,"href":"https:\/\/b2b-armangroup.com\/fr\/wp-json\/wp\/v2\/media\/13211"}],"wp:attachment":[{"href":"https:\/\/b2b-armangroup.com\/fr\/wp-json\/wp\/v2\/media?parent=2191"}],"wp:term":[{"taxonomy":"product_brand","embeddable":true,"href":"https:\/\/b2b-armangroup.com\/fr\/wp-json\/wp\/v2\/product_brand?post=2191"},{"taxonomy":"product_cat","embeddable":true,"href":"https:\/\/b2b-armangroup.com\/fr\/wp-json\/wp\/v2\/product_cat?post=2191"},{"taxonomy":"product_tag","embeddable":true,"href":"https:\/\/b2b-armangroup.com\/fr\/wp-json\/wp\/v2\/product_tag?post=2191"}],"curies":[{"name":"wp","href":"https:\/\/api.w.org\/{rel}","templated":true}]}}