{"id":2215,"date":"2025-03-16T15:32:13","date_gmt":"2025-03-16T11:32:13","guid":{"rendered":"https:\/\/b2b-armangroup.com\/product\/%d5%af%d5%b8%d5%b6%d5%b5%d5%a1%d5%af-%d5%a1%d6%80%d5%a1%d6%80%d5%a1%d5%bf-7-%d5%bf%d5%a1%d6%80%d5%be%d5%a1-%d5%b0%d5%b6%d5%a5%d6%81%d5%b4%d5%a1%d5%b6\/"},"modified":"2026-02-22T23:15:27","modified_gmt":"2026-02-22T19:15:27","slug":"%d5%af%d5%b8%d5%b6%d5%b5%d5%a1%d5%af-%d5%a1%d6%80%d5%a1%d6%80%d5%a1%d5%bf-7-%d5%bf%d5%a1%d6%80%d5%be%d5%a1-%d5%b0%d5%b6%d5%a5%d6%81%d5%b4%d5%a1%d5%b6","status":"publish","type":"product","link":"https:\/\/b2b-armangroup.com\/fr\/produit\/%d5%af%d5%b8%d5%b6%d5%b5%d5%a1%d5%af-%d5%a1%d6%80%d5%a1%d6%80%d5%a1%d5%bf-7-%d5%bf%d5%a1%d6%80%d5%be%d5%a1-%d5%b0%d5%b6%d5%a5%d6%81%d5%b4%d5%a1%d5%b6\/","title":{"rendered":"Brandy Ararat 7 Ans \u2013 0,5L"},"content":{"rendered":"","protected":false},"excerpt":{"rendered":"<p class=\"p1\">Le Brandy Ararat 7 Ans est un cognac arm\u00e9nien raffin\u00e9, vieilli pendant sept ans. Des ar\u00f4mes riches de fruits secs, de vanille subtile et de ch\u00eane pour une saveur plus complexe, tout en gardant la douceur caract\u00e9ristique d\u2019Ararat.<\/p>\n<p>17,70 \u20ac per bottle<\/p>","protected":false},"featured_media":13178,"comment_status":"open","ping_status":"closed","template":"","meta":{"_acf_changed":false},"product_brand":[],"product_cat":[174,196],"product_tag":[112,80],"class_list":{"0":"post-2215","1":"product","2":"type-product","3":"status-publish","4":"has-post-thumbnail","6":"product_cat-all-collections","7":"product_cat-brandy","8":"product_tag-112","9":"product_tag-80","11":"first","12":"instock","13":"shipping-taxable","14":"purchasable","15":"product-type-variable","16":"wvs-archive-product-wrapper"},"acf":[],"_links":{"self":[{"href":"https:\/\/b2b-armangroup.com\/fr\/wp-json\/wp\/v2\/product\/2215","targetHints":{"allow":["GET"]}}],"collection":[{"href":"https:\/\/b2b-armangroup.com\/fr\/wp-json\/wp\/v2\/product"}],"about":[{"href":"https:\/\/b2b-armangroup.com\/fr\/wp-json\/wp\/v2\/types\/product"}],"replies":[{"embeddable":true,"href":"https:\/\/b2b-armangroup.com\/fr\/wp-json\/wp\/v2\/comments?post=2215"}],"version-history":[{"count":4,"href":"https:\/\/b2b-armangroup.com\/fr\/wp-json\/wp\/v2\/product\/2215\/revisions"}],"predecessor-version":[{"id":15598,"href":"https:\/\/b2b-armangroup.com\/fr\/wp-json\/wp\/v2\/product\/2215\/revisions\/15598"}],"wp:featuredmedia":[{"embeddable":true,"href":"https:\/\/b2b-armangroup.com\/fr\/wp-json\/wp\/v2\/media\/13178"}],"wp:attachment":[{"href":"https:\/\/b2b-armangroup.com\/fr\/wp-json\/wp\/v2\/media?parent=2215"}],"wp:term":[{"taxonomy":"product_brand","embeddable":true,"href":"https:\/\/b2b-armangroup.com\/fr\/wp-json\/wp\/v2\/product_brand?post=2215"},{"taxonomy":"product_cat","embeddable":true,"href":"https:\/\/b2b-armangroup.com\/fr\/wp-json\/wp\/v2\/product_cat?post=2215"},{"taxonomy":"product_tag","embeddable":true,"href":"https:\/\/b2b-armangroup.com\/fr\/wp-json\/wp\/v2\/product_tag?post=2215"}],"curies":[{"name":"wp","href":"https:\/\/api.w.org\/{rel}","templated":true}]}}