{"id":2221,"date":"2025-03-16T15:32:14","date_gmt":"2025-03-16T11:32:14","guid":{"rendered":"https:\/\/b2b-armangroup.com\/product\/%d5%af%d5%b8%d5%b6%d5%b5%d5%a1%d5%af-%d5%a1%d6%80%d5%a1%d6%80%d5%a1%d5%bf-15-%d5%bf%d5%a1%d6%80%d5%be%d5%a1-%d5%b0%d5%b6%d5%a5%d6%81%d5%b4%d5%a1%d5%b6\/"},"modified":"2025-10-07T15:12:19","modified_gmt":"2025-10-07T11:12:19","slug":"%d5%af%d5%b8%d5%b6%d5%b5%d5%a1%d5%af-%d5%a1%d6%80%d5%a1%d6%80%d5%a1%d5%bf-15-%d5%bf%d5%a1%d6%80%d5%be%d5%a1-%d5%b0%d5%b6%d5%a5%d6%81%d5%b4%d5%a1%d5%b6","status":"publish","type":"product","link":"https:\/\/b2b-armangroup.com\/fr\/produit\/%d5%af%d5%b8%d5%b6%d5%b5%d5%a1%d5%af-%d5%a1%d6%80%d5%a1%d6%80%d5%a1%d5%bf-15-%d5%bf%d5%a1%d6%80%d5%be%d5%a1-%d5%b0%d5%b6%d5%a5%d6%81%d5%b4%d5%a1%d5%b6\/","title":{"rendered":"Brandy Ararat 15 ans \u2013 0,5L"},"content":{"rendered":"","protected":false},"excerpt":{"rendered":"<p class=\"p1\">Ararat 15 Ans Vaspurakan est un brandy arm\u00e9nien d\u2019exception, vieilli 15 ans en f\u00fbts de ch\u00eane. Sa robe ambr\u00e9e profonde d\u00e9voile des ar\u00f4mes de fruits secs, d\u2019\u00e9pices et de chocolat. \u00c9l\u00e9gant et complexe, il incarne l\u2019art du brandy arm\u00e9nien.<\/p>\n<p>43,50 \u20ac per bottle<\/p>","protected":false},"featured_media":13190,"comment_status":"open","ping_status":"closed","template":"","meta":{"_acf_changed":false},"product_brand":[],"product_cat":[174,196],"product_tag":[112,80],"class_list":{"0":"post-2221","1":"product","2":"type-product","3":"status-publish","4":"has-post-thumbnail","6":"product_cat-all-collections","7":"product_cat-brandy","8":"product_tag-112","9":"product_tag-80","11":"first","12":"instock","13":"shipping-taxable","14":"purchasable","15":"product-type-variable","16":"wvs-archive-product-wrapper"},"acf":[],"_links":{"self":[{"href":"https:\/\/b2b-armangroup.com\/fr\/wp-json\/wp\/v2\/product\/2221","targetHints":{"allow":["GET"]}}],"collection":[{"href":"https:\/\/b2b-armangroup.com\/fr\/wp-json\/wp\/v2\/product"}],"about":[{"href":"https:\/\/b2b-armangroup.com\/fr\/wp-json\/wp\/v2\/types\/product"}],"replies":[{"embeddable":true,"href":"https:\/\/b2b-armangroup.com\/fr\/wp-json\/wp\/v2\/comments?post=2221"}],"version-history":[{"count":4,"href":"https:\/\/b2b-armangroup.com\/fr\/wp-json\/wp\/v2\/product\/2221\/revisions"}],"predecessor-version":[{"id":13188,"href":"https:\/\/b2b-armangroup.com\/fr\/wp-json\/wp\/v2\/product\/2221\/revisions\/13188"}],"wp:featuredmedia":[{"embeddable":true,"href":"https:\/\/b2b-armangroup.com\/fr\/wp-json\/wp\/v2\/media\/13190"}],"wp:attachment":[{"href":"https:\/\/b2b-armangroup.com\/fr\/wp-json\/wp\/v2\/media?parent=2221"}],"wp:term":[{"taxonomy":"product_brand","embeddable":true,"href":"https:\/\/b2b-armangroup.com\/fr\/wp-json\/wp\/v2\/product_brand?post=2221"},{"taxonomy":"product_cat","embeddable":true,"href":"https:\/\/b2b-armangroup.com\/fr\/wp-json\/wp\/v2\/product_cat?post=2221"},{"taxonomy":"product_tag","embeddable":true,"href":"https:\/\/b2b-armangroup.com\/fr\/wp-json\/wp\/v2\/product_tag?post=2221"}],"curies":[{"name":"wp","href":"https:\/\/api.w.org\/{rel}","templated":true}]}}