{"id":2233,"date":"2025-03-16T15:32:14","date_gmt":"2025-03-16T11:32:14","guid":{"rendered":"https:\/\/b2b-armangroup.com\/product\/brandy-ararat-akhtamar-10-years-0-7l\/"},"modified":"2026-02-22T23:18:04","modified_gmt":"2026-02-22T19:18:04","slug":"brandy-ararat-akhtamar-10-years-0-7l","status":"publish","type":"product","link":"https:\/\/b2b-armangroup.com\/fr\/produit\/brandy-ararat-akhtamar-10-years-0-7l\/","title":{"rendered":"Brandy Ararat Akhtamar 10 ans \u2013 0,7L"},"content":{"rendered":"","protected":false},"excerpt":{"rendered":"<p class=\"p1\">Ararat Akhtamar 10 ans est un brandy arm\u00e9nien raffin\u00e9, vieilli pendant dix ans. Il offre un \u00e9quilibre harmonieux de fruits secs, de vanille et de ch\u00eane l\u00e9ger. Doux, \u00e9l\u00e9gant et destin\u00e9 aux vrais connaisseurs.<\/p>\n<p>26,00 \u20ac per bottle<\/p>","protected":false},"featured_media":2714,"comment_status":"open","ping_status":"closed","template":"","meta":{"_acf_changed":false},"product_brand":[],"product_cat":[174,196],"product_tag":[94],"class_list":{"0":"post-2233","1":"product","2":"type-product","3":"status-publish","4":"has-post-thumbnail","6":"product_cat-all-collections","7":"product_cat-brandy","8":"product_tag-brandy","10":"first","11":"instock","12":"sale","13":"shipping-taxable","14":"purchasable","15":"product-type-variable","16":"wvs-archive-product-wrapper"},"acf":[],"_links":{"self":[{"href":"https:\/\/b2b-armangroup.com\/fr\/wp-json\/wp\/v2\/product\/2233","targetHints":{"allow":["GET"]}}],"collection":[{"href":"https:\/\/b2b-armangroup.com\/fr\/wp-json\/wp\/v2\/product"}],"about":[{"href":"https:\/\/b2b-armangroup.com\/fr\/wp-json\/wp\/v2\/types\/product"}],"replies":[{"embeddable":true,"href":"https:\/\/b2b-armangroup.com\/fr\/wp-json\/wp\/v2\/comments?post=2233"}],"version-history":[{"count":4,"href":"https:\/\/b2b-armangroup.com\/fr\/wp-json\/wp\/v2\/product\/2233\/revisions"}],"predecessor-version":[{"id":15599,"href":"https:\/\/b2b-armangroup.com\/fr\/wp-json\/wp\/v2\/product\/2233\/revisions\/15599"}],"wp:featuredmedia":[{"embeddable":true,"href":"https:\/\/b2b-armangroup.com\/fr\/wp-json\/wp\/v2\/media\/2714"}],"wp:attachment":[{"href":"https:\/\/b2b-armangroup.com\/fr\/wp-json\/wp\/v2\/media?parent=2233"}],"wp:term":[{"taxonomy":"product_brand","embeddable":true,"href":"https:\/\/b2b-armangroup.com\/fr\/wp-json\/wp\/v2\/product_brand?post=2233"},{"taxonomy":"product_cat","embeddable":true,"href":"https:\/\/b2b-armangroup.com\/fr\/wp-json\/wp\/v2\/product_cat?post=2233"},{"taxonomy":"product_tag","embeddable":true,"href":"https:\/\/b2b-armangroup.com\/fr\/wp-json\/wp\/v2\/product_tag?post=2233"}],"curies":[{"name":"wp","href":"https:\/\/api.w.org\/{rel}","templated":true}]}}