{"id":2258,"date":"2025-03-16T15:32:15","date_gmt":"2025-03-16T11:32:15","guid":{"rendered":"https:\/\/b2b-armangroup.com\/product\/%d5%af%d5%b8%d5%b6%d5%b5%d5%a1%d5%af-%d5%a1%d6%80%d5%a1%d6%80%d5%a1%d5%bf-%d5%b7%d5%a1%d5%bc%d5%ac-%d5%a1%d5%a6%d5%b6%d5%a1%d5%be%d5%b8%d6%82%d6%80-25-%d5%bf%d5%a1%d6%80%d5%be%d5%a1-%d5%b0%d5%b6%d5%a5\/"},"modified":"2025-10-07T15:24:18","modified_gmt":"2025-10-07T11:24:18","slug":"%d5%af%d5%b8%d5%b6%d5%b5%d5%a1%d5%af-%d5%a1%d6%80%d5%a1%d6%80%d5%a1%d5%bf-%d5%b7%d5%a1%d5%bc%d5%ac-%d5%a1%d5%a6%d5%b6%d5%a1%d5%be%d5%b8%d6%82%d6%80-25-%d5%bf%d5%a1%d6%80%d5%be%d5%a1-%d5%b0%d5%b6%d5%a5","status":"publish","type":"product","link":"https:\/\/b2b-armangroup.com\/fr\/produit\/%d5%af%d5%b8%d5%b6%d5%b5%d5%a1%d5%af-%d5%a1%d6%80%d5%a1%d6%80%d5%a1%d5%bf-%d5%b7%d5%a1%d5%bc%d5%ac-%d5%a1%d5%a6%d5%b6%d5%a1%d5%be%d5%b8%d6%82%d6%80-25-%d5%bf%d5%a1%d6%80%d5%be%d5%a1-%d5%b0%d5%b6%d5%a5\/","title":{"rendered":"Brandy Ararat Charles Aznavour - 25 ans - 0.7L"},"content":{"rendered":"","protected":false},"excerpt":{"rendered":"<p class=\"p1\">Chef-d\u2019\u0153uvre du brandy arm\u00e9nien, cette \u00e9dition limit\u00e9e de 25 ans a \u00e9t\u00e9 cr\u00e9\u00e9e en hommage \u00e0 Charles Aznavour. Vieilli en f\u00fbts de ch\u00eane pendant un quart de si\u00e8cle, il r\u00e9v\u00e8le une couleur acajou profonde, un bouquet \u00e9l\u00e9gant de fruits secs, d\u2019amandes grill\u00e9es, de chocolat et d\u2019\u00e9pices fines. La bouche est soyeuse, riche et persistante, \u00e0 l\u2019image de l\u2019art et de l\u2019h\u00e9ritage intemporel d\u2019Aznavour.<\/p>\n<p>148,00 \u20ac per bottle<\/p>","protected":false},"featured_media":2754,"comment_status":"open","ping_status":"closed","template":"","meta":{"_acf_changed":false},"product_brand":[],"product_cat":[174,196],"product_tag":[112,80],"class_list":{"0":"post-2258","1":"product","2":"type-product","3":"status-publish","4":"has-post-thumbnail","6":"product_cat-all-collections","7":"product_cat-brandy","8":"product_tag-112","9":"product_tag-80","11":"first","12":"instock","13":"shipping-taxable","14":"purchasable","15":"product-type-variable","16":"wvs-archive-product-wrapper"},"acf":[],"_links":{"self":[{"href":"https:\/\/b2b-armangroup.com\/fr\/wp-json\/wp\/v2\/product\/2258","targetHints":{"allow":["GET"]}}],"collection":[{"href":"https:\/\/b2b-armangroup.com\/fr\/wp-json\/wp\/v2\/product"}],"about":[{"href":"https:\/\/b2b-armangroup.com\/fr\/wp-json\/wp\/v2\/types\/product"}],"replies":[{"embeddable":true,"href":"https:\/\/b2b-armangroup.com\/fr\/wp-json\/wp\/v2\/comments?post=2258"}],"version-history":[{"count":4,"href":"https:\/\/b2b-armangroup.com\/fr\/wp-json\/wp\/v2\/product\/2258\/revisions"}],"predecessor-version":[{"id":15594,"href":"https:\/\/b2b-armangroup.com\/fr\/wp-json\/wp\/v2\/product\/2258\/revisions\/15594"}],"wp:featuredmedia":[{"embeddable":true,"href":"https:\/\/b2b-armangroup.com\/fr\/wp-json\/wp\/v2\/media\/2754"}],"wp:attachment":[{"href":"https:\/\/b2b-armangroup.com\/fr\/wp-json\/wp\/v2\/media?parent=2258"}],"wp:term":[{"taxonomy":"product_brand","embeddable":true,"href":"https:\/\/b2b-armangroup.com\/fr\/wp-json\/wp\/v2\/product_brand?post=2258"},{"taxonomy":"product_cat","embeddable":true,"href":"https:\/\/b2b-armangroup.com\/fr\/wp-json\/wp\/v2\/product_cat?post=2258"},{"taxonomy":"product_tag","embeddable":true,"href":"https:\/\/b2b-armangroup.com\/fr\/wp-json\/wp\/v2\/product_tag?post=2258"}],"curies":[{"name":"wp","href":"https:\/\/api.w.org\/{rel}","templated":true}]}}