{"id":2270,"date":"2025-03-16T15:32:16","date_gmt":"2025-03-16T11:32:16","guid":{"rendered":"https:\/\/b2b-armangroup.com\/product\/%d5%af%d5%b8%d5%b6%d5%b5%d5%a1%d5%af-%d5%a1%d6%80%d5%a1%d6%80%d5%a1%d5%bf-6-%d5%bf%d5%a1%d6%80%d5%be%d5%a1-%d5%b0%d5%b6%d5%a5%d6%81%d5%b4%d5%a1%d5%b6-0-5%d5%ac\/"},"modified":"2026-04-14T22:06:26","modified_gmt":"2026-04-14T18:06:26","slug":"%d5%af%d5%b8%d5%b6%d5%b5%d5%a1%d5%af-%d5%a1%d6%80%d5%a1%d6%80%d5%a1%d5%bf-6-%d5%bf%d5%a1%d6%80%d5%be%d5%a1-%d5%b0%d5%b6%d5%a5%d6%81%d5%b4%d5%a1%d5%b6-0-5%d5%ac","status":"publish","type":"product","link":"https:\/\/b2b-armangroup.com\/fr\/produit\/%d5%af%d5%b8%d5%b6%d5%b5%d5%a1%d5%af-%d5%a1%d6%80%d5%a1%d6%80%d5%a1%d5%bf-6-%d5%bf%d5%a1%d6%80%d5%be%d5%a1-%d5%b0%d5%b6%d5%a5%d6%81%d5%b4%d5%a1%d5%b6-0-5%d5%ac\/","title":{"rendered":"Brandy Ararat Saveur Caf\u00e9 \u2013 0,5L"},"content":{"rendered":"","protected":false},"excerpt":{"rendered":"<p class=\"p1\">Le Brandy Ararat Caf\u00e9 marie l\u2019\u00e9l\u00e9gance du brandy arm\u00e9nien avec l\u2019ar\u00f4me intense des grains de caf\u00e9 torr\u00e9fi\u00e9s. Onctueux, chaleureux et parfum\u00e9 \u2013 id\u00e9al pour les amateurs de saveurs uniques.<\/p>\n<p>16,00 \u20ac per bottle<\/p>","protected":false},"featured_media":2772,"comment_status":"open","ping_status":"closed","template":"","meta":{"_acf_changed":false},"product_brand":[],"product_cat":[174,196],"product_tag":[112,80],"class_list":{"0":"post-2270","1":"product","2":"type-product","3":"status-publish","4":"has-post-thumbnail","6":"product_cat-all-collections","7":"product_cat-brandy","8":"product_tag-112","9":"product_tag-80","11":"first","12":"instock","13":"sale","14":"shipping-taxable","15":"purchasable","16":"product-type-variable","17":"wvs-archive-product-wrapper"},"acf":[],"_links":{"self":[{"href":"https:\/\/b2b-armangroup.com\/fr\/wp-json\/wp\/v2\/product\/2270","targetHints":{"allow":["GET"]}}],"collection":[{"href":"https:\/\/b2b-armangroup.com\/fr\/wp-json\/wp\/v2\/product"}],"about":[{"href":"https:\/\/b2b-armangroup.com\/fr\/wp-json\/wp\/v2\/types\/product"}],"replies":[{"embeddable":true,"href":"https:\/\/b2b-armangroup.com\/fr\/wp-json\/wp\/v2\/comments?post=2270"}],"version-history":[{"count":4,"href":"https:\/\/b2b-armangroup.com\/fr\/wp-json\/wp\/v2\/product\/2270\/revisions"}],"predecessor-version":[{"id":15595,"href":"https:\/\/b2b-armangroup.com\/fr\/wp-json\/wp\/v2\/product\/2270\/revisions\/15595"}],"wp:featuredmedia":[{"embeddable":true,"href":"https:\/\/b2b-armangroup.com\/fr\/wp-json\/wp\/v2\/media\/2772"}],"wp:attachment":[{"href":"https:\/\/b2b-armangroup.com\/fr\/wp-json\/wp\/v2\/media?parent=2270"}],"wp:term":[{"taxonomy":"product_brand","embeddable":true,"href":"https:\/\/b2b-armangroup.com\/fr\/wp-json\/wp\/v2\/product_brand?post=2270"},{"taxonomy":"product_cat","embeddable":true,"href":"https:\/\/b2b-armangroup.com\/fr\/wp-json\/wp\/v2\/product_cat?post=2270"},{"taxonomy":"product_tag","embeddable":true,"href":"https:\/\/b2b-armangroup.com\/fr\/wp-json\/wp\/v2\/product_tag?post=2270"}],"curies":[{"name":"wp","href":"https:\/\/api.w.org\/{rel}","templated":true}]}}