{"id":2290,"date":"2025-03-16T15:32:17","date_gmt":"2025-03-16T11:32:17","guid":{"rendered":"https:\/\/b2b-armangroup.com\/product\/%d5%af%d5%b8%d5%b6%d5%b5%d5%a1%d5%af-%d5%a1%d6%80%d5%a1%d6%80%d5%a1%d5%bf-%d5%a7%d6%80%d5%a5%d5%a2%d5%b8%d6%82%d5%b6%d5%ab-30-%d5%bf%d5%a1%d6%80%d5%be%d5%a1-%d5%b0%d5%b6%d5%a5%d6%81%d5%b4%d5%a1%d5%b6\/"},"modified":"2026-02-22T23:11:00","modified_gmt":"2026-02-22T19:11:00","slug":"%d5%af%d5%b8%d5%b6%d5%b5%d5%a1%d5%af-%d5%a1%d6%80%d5%a1%d6%80%d5%a1%d5%bf-%d5%a7%d6%80%d5%a5%d5%a2%d5%b8%d6%82%d5%b6%d5%ab-30-%d5%bf%d5%a1%d6%80%d5%be%d5%a1-%d5%b0%d5%b6%d5%a5%d6%81%d5%b4%d5%a1%d5%b6","status":"publish","type":"product","link":"https:\/\/b2b-armangroup.com\/fr\/produit\/%d5%af%d5%b8%d5%b6%d5%b5%d5%a1%d5%af-%d5%a1%d6%80%d5%a1%d6%80%d5%a1%d5%bf-%d5%a7%d6%80%d5%a5%d5%a2%d5%b8%d6%82%d5%b6%d5%ab-30-%d5%bf%d5%a1%d6%80%d5%be%d5%a1-%d5%b0%d5%b6%d5%a5%d6%81%d5%b4%d5%a1%d5%b6\/","title":{"rendered":"Brandy Ararat Erebuni - 30 ans d'\u00e2ge - 0.7L"},"content":{"rendered":"","protected":false},"excerpt":{"rendered":"<p class=\"p1\">Ararat Erebuni 30 ans incarne l\u2019apog\u00e9e de l\u2019art du brandy arm\u00e9nien. \u00c9labor\u00e9 \u00e0 partir de plus de 30 distillats rares, dont certains \u00e2g\u00e9s de plus de 70 ans, il est pr\u00e9sent\u00e9 dans une carafe majestueuse accompagn\u00e9e d\u2019un coffret dor\u00e9. Cr\u00e9\u00e9 en hommage \u00e0 l\u2019ancienne forteresse d\u2019Erebuni, berceau d\u2019Erevan, il r\u00e9v\u00e8le un bouquet exceptionnel de fruits secs, figues, noix, vanille et \u00e9pices de ch\u00eane. La bouche est velout\u00e9e, riche et d\u2019une longueur majestueuse \u2014 une pi\u00e8ce de collection.<\/p>\n<p>495\u20ac per bottle<\/p>","protected":false},"featured_media":2811,"comment_status":"open","ping_status":"closed","template":"","meta":{"_acf_changed":false},"product_brand":[],"product_cat":[174,196],"product_tag":[112,80],"class_list":{"0":"post-2290","1":"product","2":"type-product","3":"status-publish","4":"has-post-thumbnail","6":"product_cat-all-collections","7":"product_cat-brandy","8":"product_tag-112","9":"product_tag-80","11":"first","12":"instock","13":"shipping-taxable","14":"purchasable","15":"product-type-variable","16":"wvs-archive-product-wrapper"},"acf":[],"_links":{"self":[{"href":"https:\/\/b2b-armangroup.com\/fr\/wp-json\/wp\/v2\/product\/2290","targetHints":{"allow":["GET"]}}],"collection":[{"href":"https:\/\/b2b-armangroup.com\/fr\/wp-json\/wp\/v2\/product"}],"about":[{"href":"https:\/\/b2b-armangroup.com\/fr\/wp-json\/wp\/v2\/types\/product"}],"replies":[{"embeddable":true,"href":"https:\/\/b2b-armangroup.com\/fr\/wp-json\/wp\/v2\/comments?post=2290"}],"version-history":[{"count":4,"href":"https:\/\/b2b-armangroup.com\/fr\/wp-json\/wp\/v2\/product\/2290\/revisions"}],"predecessor-version":[{"id":15597,"href":"https:\/\/b2b-armangroup.com\/fr\/wp-json\/wp\/v2\/product\/2290\/revisions\/15597"}],"wp:featuredmedia":[{"embeddable":true,"href":"https:\/\/b2b-armangroup.com\/fr\/wp-json\/wp\/v2\/media\/2811"}],"wp:attachment":[{"href":"https:\/\/b2b-armangroup.com\/fr\/wp-json\/wp\/v2\/media?parent=2290"}],"wp:term":[{"taxonomy":"product_brand","embeddable":true,"href":"https:\/\/b2b-armangroup.com\/fr\/wp-json\/wp\/v2\/product_brand?post=2290"},{"taxonomy":"product_cat","embeddable":true,"href":"https:\/\/b2b-armangroup.com\/fr\/wp-json\/wp\/v2\/product_cat?post=2290"},{"taxonomy":"product_tag","embeddable":true,"href":"https:\/\/b2b-armangroup.com\/fr\/wp-json\/wp\/v2\/product_tag?post=2290"}],"curies":[{"name":"wp","href":"https:\/\/api.w.org\/{rel}","templated":true}]}}