{"id":2297,"date":"2025-03-16T15:32:18","date_gmt":"2025-03-16T11:32:18","guid":{"rendered":"https:\/\/b2b-armangroup.com\/product\/%d5%af%d5%b8%d5%b6%d5%b5%d5%a1%d5%af-%d5%a1%d6%80%d5%a1%d6%80%d5%a1%d5%bf-%d5%a7%d6%80%d5%a5%d5%a2%d5%b8%d6%82%d5%b6%d5%ab-50-%d5%bf%d5%a1%d6%80%d5%be%d5%a1-%d5%b0%d5%b6%d5%a5%d6%81%d5%b4%d5%a1%d5%b6\/"},"modified":"2026-02-19T17:32:47","modified_gmt":"2026-02-19T13:32:47","slug":"%d5%af%d5%b8%d5%b6%d5%b5%d5%a1%d5%af-%d5%a1%d6%80%d5%a1%d6%80%d5%a1%d5%bf-%d5%a7%d6%80%d5%a5%d5%a2%d5%b8%d6%82%d5%b6%d5%ab-50-%d5%bf%d5%a1%d6%80%d5%be%d5%a1-%d5%b0%d5%b6%d5%a5%d6%81%d5%b4%d5%a1%d5%b6","status":"publish","type":"product","link":"https:\/\/b2b-armangroup.com\/fr\/produit\/%d5%af%d5%b8%d5%b6%d5%b5%d5%a1%d5%af-%d5%a1%d6%80%d5%a1%d6%80%d5%a1%d5%bf-%d5%a7%d6%80%d5%a5%d5%a2%d5%b8%d6%82%d5%b6%d5%ab-50-%d5%bf%d5%a1%d6%80%d5%be%d5%a1-%d5%b0%d5%b6%d5%a5%d6%81%d5%b4%d5%a1%d5%b6\/","title":{"rendered":"Brandy Ararat Erebuni - 50 ans d'\u00e2ge - 0.7L"},"content":{"rendered":"","protected":false},"excerpt":{"rendered":"<p class=\"p1\">Ararat Erebuni 50 ans est le joyau de l\u2019h\u00e9ritage du brandy arm\u00e9nien, issu d\u2019une collection rare de distillats vieillis pendant un demi-si\u00e8cle. Pr\u00e9sent\u00e9 dans un \u00e9l\u00e9gant flacon noir aux d\u00e9tails dor\u00e9s et dans un coffret luxueux, il incarne la ma\u00eetrise, le temps et la tradition. Le bouquet est profond et complexe \u2014 fruits secs, chocolat noir, ch\u00eane noble, cuir et \u00e9pices orientales. En bouche, une texture opulente et velout\u00e9e avec une finale d\u2019une longueur exceptionnelle. Un chef-d\u2019\u0153uvre pour les v\u00e9ritables connaisseurs et collectionneurs.<\/p>\n<p>1550 \u20ac per bottle<\/p>","protected":false},"featured_media":2856,"comment_status":"open","ping_status":"closed","template":"","meta":{"_acf_changed":false},"product_brand":[],"product_cat":[174,196],"product_tag":[112,80],"class_list":{"0":"post-2297","1":"product","2":"type-product","3":"status-publish","4":"has-post-thumbnail","6":"product_cat-all-collections","7":"product_cat-brandy","8":"product_tag-112","9":"product_tag-80","11":"first","12":"instock","13":"shipping-taxable","14":"purchasable","15":"product-type-simple"},"acf":[],"_links":{"self":[{"href":"https:\/\/b2b-armangroup.com\/fr\/wp-json\/wp\/v2\/product\/2297","targetHints":{"allow":["GET"]}}],"collection":[{"href":"https:\/\/b2b-armangroup.com\/fr\/wp-json\/wp\/v2\/product"}],"about":[{"href":"https:\/\/b2b-armangroup.com\/fr\/wp-json\/wp\/v2\/types\/product"}],"replies":[{"embeddable":true,"href":"https:\/\/b2b-armangroup.com\/fr\/wp-json\/wp\/v2\/comments?post=2297"}],"version-history":[{"count":7,"href":"https:\/\/b2b-armangroup.com\/fr\/wp-json\/wp\/v2\/product\/2297\/revisions"}],"predecessor-version":[{"id":15449,"href":"https:\/\/b2b-armangroup.com\/fr\/wp-json\/wp\/v2\/product\/2297\/revisions\/15449"}],"wp:featuredmedia":[{"embeddable":true,"href":"https:\/\/b2b-armangroup.com\/fr\/wp-json\/wp\/v2\/media\/2856"}],"wp:attachment":[{"href":"https:\/\/b2b-armangroup.com\/fr\/wp-json\/wp\/v2\/media?parent=2297"}],"wp:term":[{"taxonomy":"product_brand","embeddable":true,"href":"https:\/\/b2b-armangroup.com\/fr\/wp-json\/wp\/v2\/product_brand?post=2297"},{"taxonomy":"product_cat","embeddable":true,"href":"https:\/\/b2b-armangroup.com\/fr\/wp-json\/wp\/v2\/product_cat?post=2297"},{"taxonomy":"product_tag","embeddable":true,"href":"https:\/\/b2b-armangroup.com\/fr\/wp-json\/wp\/v2\/product_tag?post=2297"}],"curies":[{"name":"wp","href":"https:\/\/api.w.org\/{rel}","templated":true}]}}