{"id":2309,"date":"2025-03-16T15:32:18","date_gmt":"2025-03-16T11:32:18","guid":{"rendered":"https:\/\/b2b-armangroup.com\/product\/ararat-yerevan-0-75-l-armenian-brandy\/"},"modified":"2026-02-19T17:22:27","modified_gmt":"2026-02-19T13:22:27","slug":"ararat-yerevan-0-75-l-armenian-brandy","status":"publish","type":"product","link":"https:\/\/b2b-armangroup.com\/fr\/produit\/ararat-yerevan-0-75-l-armenian-brandy\/","title":{"rendered":"Brandy Ararat Yerevan - 0,75L"},"content":{"rendered":"","protected":false},"excerpt":{"rendered":"<p class=\"p1\">Ararat Yerevan rend hommage \u00e0 la capitale arm\u00e9nienne, son histoire et son \u00e9nergie vibrante. Ce brandy de 10 ans d\u2019\u00e2ge est pr\u00e9sent\u00e9 dans une bouteille et un coffret d\u00e9cor\u00e9s de motifs architecturaux d\u2019Erevan. Son bouquet marie fruits secs, noix, vanille et ch\u00eane grill\u00e9, offrant un go\u00fbt raffin\u00e9 et doux avec une finale chaleureuse et m\u00e9morable. Une expression culturelle et \u00e9l\u00e9gante de l\u2019h\u00e9ritage du brandy arm\u00e9nien.<\/p>\n<p>51,00 \u20ac per bottle<\/p>","protected":false},"featured_media":13199,"comment_status":"open","ping_status":"closed","template":"","meta":{"_acf_changed":false},"product_brand":[],"product_cat":[196],"product_tag":[94],"class_list":{"0":"post-2309","1":"product","2":"type-product","3":"status-publish","4":"has-post-thumbnail","6":"product_cat-brandy","7":"product_tag-brandy","9":"first","10":"instock","11":"shipping-taxable","12":"purchasable","13":"product-type-variable","14":"wvs-archive-product-wrapper"},"acf":[],"_links":{"self":[{"href":"https:\/\/b2b-armangroup.com\/fr\/wp-json\/wp\/v2\/product\/2309","targetHints":{"allow":["GET"]}}],"collection":[{"href":"https:\/\/b2b-armangroup.com\/fr\/wp-json\/wp\/v2\/product"}],"about":[{"href":"https:\/\/b2b-armangroup.com\/fr\/wp-json\/wp\/v2\/types\/product"}],"replies":[{"embeddable":true,"href":"https:\/\/b2b-armangroup.com\/fr\/wp-json\/wp\/v2\/comments?post=2309"}],"version-history":[{"count":4,"href":"https:\/\/b2b-armangroup.com\/fr\/wp-json\/wp\/v2\/product\/2309\/revisions"}],"predecessor-version":[{"id":15447,"href":"https:\/\/b2b-armangroup.com\/fr\/wp-json\/wp\/v2\/product\/2309\/revisions\/15447"}],"wp:featuredmedia":[{"embeddable":true,"href":"https:\/\/b2b-armangroup.com\/fr\/wp-json\/wp\/v2\/media\/13199"}],"wp:attachment":[{"href":"https:\/\/b2b-armangroup.com\/fr\/wp-json\/wp\/v2\/media?parent=2309"}],"wp:term":[{"taxonomy":"product_brand","embeddable":true,"href":"https:\/\/b2b-armangroup.com\/fr\/wp-json\/wp\/v2\/product_brand?post=2309"},{"taxonomy":"product_cat","embeddable":true,"href":"https:\/\/b2b-armangroup.com\/fr\/wp-json\/wp\/v2\/product_cat?post=2309"},{"taxonomy":"product_tag","embeddable":true,"href":"https:\/\/b2b-armangroup.com\/fr\/wp-json\/wp\/v2\/product_tag?post=2309"}],"curies":[{"name":"wp","href":"https:\/\/api.w.org\/{rel}","templated":true}]}}