{"id":2326,"date":"2025-03-16T15:32:19","date_gmt":"2025-03-16T11:32:19","guid":{"rendered":"https:\/\/b2b-armangroup.com\/product\/noy-araspel-5-5-years-0-05l\/"},"modified":"2025-10-07T17:10:55","modified_gmt":"2025-10-07T13:10:55","slug":"noy-araspel-5-5-years-0-05l","status":"publish","type":"product","link":"https:\/\/b2b-armangroup.com\/fr\/produit\/noy-araspel-5-5-years-0-05l\/","title":{"rendered":"Brandy Noy Araspel \u2013 5 ans \u2013 40% \u2013 0,05L"},"content":{"rendered":"","protected":false},"excerpt":{"rendered":"<p class=\"p1\">Une miniature du brandy arm\u00e9nien Noy Araspel 5 ans, distill\u00e9 \u00e0 partir de c\u00e9pages locaux et vieilli cinq ans en f\u00fbts de ch\u00eane du Caucase. Avec des ar\u00f4mes de fruits secs, de vanille et de ch\u00eane, ce format de 0,05L est id\u00e9al pour les collectionneurs, les d\u00e9gustations ou comme souvenir raffin\u00e9.<\/p>","protected":false},"featured_media":2953,"comment_status":"open","ping_status":"closed","template":"","meta":{"_acf_changed":false},"product_brand":[],"product_cat":[174,196],"product_tag":[112],"class_list":{"0":"post-2326","1":"product","2":"type-product","3":"status-publish","4":"has-post-thumbnail","6":"product_cat-all-collections","7":"product_cat-brandy","8":"product_tag-112","10":"first","11":"outofstock","12":"shipping-taxable","13":"product-type-simple"},"acf":[],"_links":{"self":[{"href":"https:\/\/b2b-armangroup.com\/fr\/wp-json\/wp\/v2\/product\/2326","targetHints":{"allow":["GET"]}}],"collection":[{"href":"https:\/\/b2b-armangroup.com\/fr\/wp-json\/wp\/v2\/product"}],"about":[{"href":"https:\/\/b2b-armangroup.com\/fr\/wp-json\/wp\/v2\/types\/product"}],"replies":[{"embeddable":true,"href":"https:\/\/b2b-armangroup.com\/fr\/wp-json\/wp\/v2\/comments?post=2326"}],"version-history":[{"count":4,"href":"https:\/\/b2b-armangroup.com\/fr\/wp-json\/wp\/v2\/product\/2326\/revisions"}],"predecessor-version":[{"id":13221,"href":"https:\/\/b2b-armangroup.com\/fr\/wp-json\/wp\/v2\/product\/2326\/revisions\/13221"}],"wp:featuredmedia":[{"embeddable":true,"href":"https:\/\/b2b-armangroup.com\/fr\/wp-json\/wp\/v2\/media\/2953"}],"wp:attachment":[{"href":"https:\/\/b2b-armangroup.com\/fr\/wp-json\/wp\/v2\/media?parent=2326"}],"wp:term":[{"taxonomy":"product_brand","embeddable":true,"href":"https:\/\/b2b-armangroup.com\/fr\/wp-json\/wp\/v2\/product_brand?post=2326"},{"taxonomy":"product_cat","embeddable":true,"href":"https:\/\/b2b-armangroup.com\/fr\/wp-json\/wp\/v2\/product_cat?post=2326"},{"taxonomy":"product_tag","embeddable":true,"href":"https:\/\/b2b-armangroup.com\/fr\/wp-json\/wp\/v2\/product_tag?post=2326"}],"curies":[{"name":"wp","href":"https:\/\/api.w.org\/{rel}","templated":true}]}}