{"id":2338,"date":"2025-03-16T15:32:20","date_gmt":"2025-03-16T11:32:20","guid":{"rendered":"https:\/\/b2b-armangroup.com\/product\/%d5%af%d5%b8%d5%b6%d5%b5%d5%a1%d5%af-%d5%b6%d5%b8%d5%b5-5-%d5%bf%d5%a1%d6%80%d5%be%d5%a1-%d5%b0%d5%b6%d5%a5%d6%81%d5%b4%d5%a1%d5%b6-0-5%d5%ac\/"},"modified":"2025-10-07T17:08:06","modified_gmt":"2025-10-07T13:08:06","slug":"%d5%af%d5%b8%d5%b6%d5%b5%d5%a1%d5%af-%d5%b6%d5%b8%d5%b5-5-%d5%bf%d5%a1%d6%80%d5%be%d5%a1-%d5%b0%d5%b6%d5%a5%d6%81%d5%b4%d5%a1%d5%b6-0-5%d5%ac","status":"publish","type":"product","link":"https:\/\/b2b-armangroup.com\/fr\/produit\/%d5%af%d5%b8%d5%b6%d5%b5%d5%a1%d5%af-%d5%b6%d5%b8%d5%b5-5-%d5%bf%d5%a1%d6%80%d5%be%d5%a1-%d5%b0%d5%b6%d5%a5%d6%81%d5%b4%d5%a1%d5%b6-0-5%d5%ac\/","title":{"rendered":"Brandy Noy- 5 ans en bo\u00eete souvenir - 0.5L"},"content":{"rendered":"","protected":false},"excerpt":{"rendered":"<p class=\"p1\">Noy Araspel 5 ans est un brandy arm\u00e9nien classique, \u00e9labor\u00e9 \u00e0 partir de c\u00e9pages locaux et vieilli cinq ans en f\u00fbts de ch\u00eane du Caucase. Pr\u00e9sent\u00e9 dans un coffret souvenir \u00e9l\u00e9gant, il r\u00e9v\u00e8le des notes de fruits secs, de vanille et de ch\u00eane l\u00e9ger, avec une finale harmonieuse. Un cadeau raffin\u00e9 pour toutes les occasions.<\/p>","protected":false},"featured_media":2965,"comment_status":"open","ping_status":"closed","template":"","meta":{"_acf_changed":false},"product_brand":[],"product_cat":[174,196],"product_tag":[112,80],"class_list":{"0":"post-2338","1":"product","2":"type-product","3":"status-publish","4":"has-post-thumbnail","6":"product_cat-all-collections","7":"product_cat-brandy","8":"product_tag-112","9":"product_tag-80","11":"first","12":"outofstock","13":"shipping-taxable","14":"purchasable","15":"product-type-variable","16":"wvs-archive-product-wrapper"},"acf":[],"_links":{"self":[{"href":"https:\/\/b2b-armangroup.com\/fr\/wp-json\/wp\/v2\/product\/2338","targetHints":{"allow":["GET"]}}],"collection":[{"href":"https:\/\/b2b-armangroup.com\/fr\/wp-json\/wp\/v2\/product"}],"about":[{"href":"https:\/\/b2b-armangroup.com\/fr\/wp-json\/wp\/v2\/types\/product"}],"replies":[{"embeddable":true,"href":"https:\/\/b2b-armangroup.com\/fr\/wp-json\/wp\/v2\/comments?post=2338"}],"version-history":[{"count":3,"href":"https:\/\/b2b-armangroup.com\/fr\/wp-json\/wp\/v2\/product\/2338\/revisions"}],"predecessor-version":[{"id":13220,"href":"https:\/\/b2b-armangroup.com\/fr\/wp-json\/wp\/v2\/product\/2338\/revisions\/13220"}],"wp:featuredmedia":[{"embeddable":true,"href":"https:\/\/b2b-armangroup.com\/fr\/wp-json\/wp\/v2\/media\/2965"}],"wp:attachment":[{"href":"https:\/\/b2b-armangroup.com\/fr\/wp-json\/wp\/v2\/media?parent=2338"}],"wp:term":[{"taxonomy":"product_brand","embeddable":true,"href":"https:\/\/b2b-armangroup.com\/fr\/wp-json\/wp\/v2\/product_brand?post=2338"},{"taxonomy":"product_cat","embeddable":true,"href":"https:\/\/b2b-armangroup.com\/fr\/wp-json\/wp\/v2\/product_cat?post=2338"},{"taxonomy":"product_tag","embeddable":true,"href":"https:\/\/b2b-armangroup.com\/fr\/wp-json\/wp\/v2\/product_tag?post=2338"}],"curies":[{"name":"wp","href":"https:\/\/api.w.org\/{rel}","templated":true}]}}