{"id":2350,"date":"2025-03-16T15:32:21","date_gmt":"2025-03-16T11:32:21","guid":{"rendered":"https:\/\/b2b-armangroup.com\/product\/brandy-noy-classic-15-y-o-40-in-souvenir-box-0-5l\/"},"modified":"2025-10-07T16:58:52","modified_gmt":"2025-10-07T12:58:52","slug":"brandy-noy-classic-15-y-o-40-in-souvenir-box-0-5l","status":"publish","type":"product","link":"https:\/\/b2b-armangroup.com\/fr\/produit\/brandy-noy-classic-15-y-o-40-in-souvenir-box-0-5l\/","title":{"rendered":"Brandy Noy Classic - 15 ans d'\u00e2ge en bo\u00eete souvenir - 40% - 0.5L"},"content":{"rendered":"","protected":false},"excerpt":{"rendered":"<p class=\"p1\">Noy Classique 15 ans est un brandy arm\u00e9nien haut de gamme, \u00e9labor\u00e9 \u00e0 partir de raisins s\u00e9lectionn\u00e9s et vieilli pendant quinze ans en f\u00fbts de ch\u00eane du Caucase. Sa robe ambr\u00e9e profonde r\u00e9v\u00e8le des ar\u00f4mes intenses de fruits secs, de ch\u00eane et de chocolat, avec une finale velout\u00e9e et persistante. Pr\u00e9sent\u00e9 dans un coffret souvenir \u00e9l\u00e9gant, il s\u00e9duira les collectionneurs et connaisseurs.<\/p>","protected":false},"featured_media":2979,"comment_status":"open","ping_status":"closed","template":"","meta":{"_acf_changed":false},"product_brand":[],"product_cat":[174,196],"product_tag":[112],"class_list":{"0":"post-2350","1":"product","2":"type-product","3":"status-publish","4":"has-post-thumbnail","6":"product_cat-all-collections","7":"product_cat-brandy","8":"product_tag-112","10":"first","11":"outofstock","12":"shipping-taxable","13":"purchasable","14":"product-type-variable","15":"wvs-archive-product-wrapper"},"acf":[],"_links":{"self":[{"href":"https:\/\/b2b-armangroup.com\/fr\/wp-json\/wp\/v2\/product\/2350","targetHints":{"allow":["GET"]}}],"collection":[{"href":"https:\/\/b2b-armangroup.com\/fr\/wp-json\/wp\/v2\/product"}],"about":[{"href":"https:\/\/b2b-armangroup.com\/fr\/wp-json\/wp\/v2\/types\/product"}],"replies":[{"embeddable":true,"href":"https:\/\/b2b-armangroup.com\/fr\/wp-json\/wp\/v2\/comments?post=2350"}],"version-history":[{"count":3,"href":"https:\/\/b2b-armangroup.com\/fr\/wp-json\/wp\/v2\/product\/2350\/revisions"}],"predecessor-version":[{"id":13215,"href":"https:\/\/b2b-armangroup.com\/fr\/wp-json\/wp\/v2\/product\/2350\/revisions\/13215"}],"wp:featuredmedia":[{"embeddable":true,"href":"https:\/\/b2b-armangroup.com\/fr\/wp-json\/wp\/v2\/media\/2979"}],"wp:attachment":[{"href":"https:\/\/b2b-armangroup.com\/fr\/wp-json\/wp\/v2\/media?parent=2350"}],"wp:term":[{"taxonomy":"product_brand","embeddable":true,"href":"https:\/\/b2b-armangroup.com\/fr\/wp-json\/wp\/v2\/product_brand?post=2350"},{"taxonomy":"product_cat","embeddable":true,"href":"https:\/\/b2b-armangroup.com\/fr\/wp-json\/wp\/v2\/product_cat?post=2350"},{"taxonomy":"product_tag","embeddable":true,"href":"https:\/\/b2b-armangroup.com\/fr\/wp-json\/wp\/v2\/product_tag?post=2350"}],"curies":[{"name":"wp","href":"https:\/\/api.w.org\/{rel}","templated":true}]}}