{"id":2363,"date":"2025-03-16T15:32:21","date_gmt":"2025-03-16T11:32:21","guid":{"rendered":"https:\/\/b2b-armangroup.com\/product\/brandy-noy-classic-20-y-o-40-in-souvenir-box-0-5l\/"},"modified":"2025-10-07T17:02:07","modified_gmt":"2025-10-07T13:02:07","slug":"brandy-noy-classic-20-y-o-40-in-souvenir-box-0-5l","status":"publish","type":"product","link":"https:\/\/b2b-armangroup.com\/fr\/produit\/brandy-noy-classic-20-y-o-40-in-souvenir-box-0-5l\/","title":{"rendered":"Brandy Noy Classic - 20 ans d'\u00e2ge en bo\u00eete souvenir - 40% - 0.5L"},"content":{"rendered":"","protected":false},"excerpt":{"rendered":"<p class=\"p1\">Noy Classique 20 ans incarne la tradition du brandy arm\u00e9nien dans toute sa splendeur. \u00c9labor\u00e9 \u00e0 partir de raisins locaux s\u00e9lectionn\u00e9s et vieilli vingt ans en f\u00fbts de ch\u00eane du Caucase, il d\u00e9voile une robe ambr\u00e9e intense, des ar\u00f4mes de noix, de vanille et d\u2019abricots secs, avec une bouche complexe et \u00e9quilibr\u00e9e. Pr\u00e9sent\u00e9 dans un coffret souvenir raffin\u00e9, c\u2019est un cadeau intemporel pour connaisseurs et collectionneurs.<\/p>\n<p>49,99 \u20ac per bottle<\/p>","protected":false},"featured_media":13216,"comment_status":"open","ping_status":"closed","template":"","meta":{"_acf_changed":false},"product_brand":[],"product_cat":[174,196],"product_tag":[94,112],"class_list":{"0":"post-2363","1":"product","2":"type-product","3":"status-publish","4":"has-post-thumbnail","6":"product_cat-all-collections","7":"product_cat-brandy","8":"product_tag-brandy","9":"product_tag-112","11":"first","12":"outofstock","13":"shipping-taxable","14":"purchasable","15":"product-type-variable","16":"wvs-archive-product-wrapper"},"acf":[],"_links":{"self":[{"href":"https:\/\/b2b-armangroup.com\/fr\/wp-json\/wp\/v2\/product\/2363","targetHints":{"allow":["GET"]}}],"collection":[{"href":"https:\/\/b2b-armangroup.com\/fr\/wp-json\/wp\/v2\/product"}],"about":[{"href":"https:\/\/b2b-armangroup.com\/fr\/wp-json\/wp\/v2\/types\/product"}],"replies":[{"embeddable":true,"href":"https:\/\/b2b-armangroup.com\/fr\/wp-json\/wp\/v2\/comments?post=2363"}],"version-history":[{"count":4,"href":"https:\/\/b2b-armangroup.com\/fr\/wp-json\/wp\/v2\/product\/2363\/revisions"}],"predecessor-version":[{"id":13217,"href":"https:\/\/b2b-armangroup.com\/fr\/wp-json\/wp\/v2\/product\/2363\/revisions\/13217"}],"wp:featuredmedia":[{"embeddable":true,"href":"https:\/\/b2b-armangroup.com\/fr\/wp-json\/wp\/v2\/media\/13216"}],"wp:attachment":[{"href":"https:\/\/b2b-armangroup.com\/fr\/wp-json\/wp\/v2\/media?parent=2363"}],"wp:term":[{"taxonomy":"product_brand","embeddable":true,"href":"https:\/\/b2b-armangroup.com\/fr\/wp-json\/wp\/v2\/product_brand?post=2363"},{"taxonomy":"product_cat","embeddable":true,"href":"https:\/\/b2b-armangroup.com\/fr\/wp-json\/wp\/v2\/product_cat?post=2363"},{"taxonomy":"product_tag","embeddable":true,"href":"https:\/\/b2b-armangroup.com\/fr\/wp-json\/wp\/v2\/product_tag?post=2363"}],"curies":[{"name":"wp","href":"https:\/\/api.w.org\/{rel}","templated":true}]}}