{"id":2374,"date":"2025-03-16T15:32:21","date_gmt":"2025-03-16T11:32:21","guid":{"rendered":"https:\/\/b2b-armangroup.com\/product\/brandy-noy-classic-7-years-0-05l\/"},"modified":"2025-10-07T17:04:49","modified_gmt":"2025-10-07T13:04:49","slug":"brandy-noy-classic-7-years-0-05l","status":"publish","type":"product","link":"https:\/\/b2b-armangroup.com\/fr\/produit\/brandy-noy-classic-7-years-0-05l\/","title":{"rendered":"Brandy Noy Classic - 7 ans d'\u00e2ge en bo\u00eete souvenir - 40% - 0.05L"},"content":{"rendered":"","protected":false},"excerpt":{"rendered":"<p class=\"p1\">Noy Classique 7 ans au format miniature (0,05L). \u00c9labor\u00e9 \u00e0 partir de raisins arm\u00e9niens s\u00e9lectionn\u00e9s et vieilli sept ans en f\u00fbts de ch\u00eane du Caucase, il offre des ar\u00f4mes de fruits secs, d\u2019\u00e9pices douces et de bois, avec une finale harmonieuse. Parfait pour les collectionneurs, les d\u00e9gustations ou les coffrets \u00e9l\u00e9gants.<\/p>","protected":false},"featured_media":13218,"comment_status":"open","ping_status":"closed","template":"","meta":{"_acf_changed":false},"product_brand":[],"product_cat":[174,196],"product_tag":[94,112],"class_list":{"0":"post-2374","1":"product","2":"type-product","3":"status-publish","4":"has-post-thumbnail","6":"product_cat-all-collections","7":"product_cat-brandy","8":"product_tag-brandy","9":"product_tag-112","11":"first","12":"outofstock","13":"shipping-taxable","14":"product-type-simple"},"acf":[],"_links":{"self":[{"href":"https:\/\/b2b-armangroup.com\/fr\/wp-json\/wp\/v2\/product\/2374","targetHints":{"allow":["GET"]}}],"collection":[{"href":"https:\/\/b2b-armangroup.com\/fr\/wp-json\/wp\/v2\/product"}],"about":[{"href":"https:\/\/b2b-armangroup.com\/fr\/wp-json\/wp\/v2\/types\/product"}],"replies":[{"embeddable":true,"href":"https:\/\/b2b-armangroup.com\/fr\/wp-json\/wp\/v2\/comments?post=2374"}],"version-history":[{"count":3,"href":"https:\/\/b2b-armangroup.com\/fr\/wp-json\/wp\/v2\/product\/2374\/revisions"}],"predecessor-version":[{"id":13219,"href":"https:\/\/b2b-armangroup.com\/fr\/wp-json\/wp\/v2\/product\/2374\/revisions\/13219"}],"wp:featuredmedia":[{"embeddable":true,"href":"https:\/\/b2b-armangroup.com\/fr\/wp-json\/wp\/v2\/media\/13218"}],"wp:attachment":[{"href":"https:\/\/b2b-armangroup.com\/fr\/wp-json\/wp\/v2\/media?parent=2374"}],"wp:term":[{"taxonomy":"product_brand","embeddable":true,"href":"https:\/\/b2b-armangroup.com\/fr\/wp-json\/wp\/v2\/product_brand?post=2374"},{"taxonomy":"product_cat","embeddable":true,"href":"https:\/\/b2b-armangroup.com\/fr\/wp-json\/wp\/v2\/product_cat?post=2374"},{"taxonomy":"product_tag","embeddable":true,"href":"https:\/\/b2b-armangroup.com\/fr\/wp-json\/wp\/v2\/product_tag?post=2374"}],"curies":[{"name":"wp","href":"https:\/\/api.w.org\/{rel}","templated":true}]}}