{"id":2386,"date":"2025-03-16T15:32:22","date_gmt":"2025-03-16T11:32:22","guid":{"rendered":"https:\/\/b2b-armangroup.com\/product\/%d5%af%d5%b8%d5%b6%d5%b5%d5%a1%d5%af-%d5%b6%d5%b8%d5%b5-7-%d5%bf%d5%a1%d6%80%d5%be%d5%a1-%d5%b0%d5%b6%d5%a5%d6%81%d5%b4%d5%a1%d5%b6-0-5%d5%ac\/"},"modified":"2025-10-07T16:56:54","modified_gmt":"2025-10-07T12:56:54","slug":"%d5%af%d5%b8%d5%b6%d5%b5%d5%a1%d5%af-%d5%b6%d5%b8%d5%b5-7-%d5%bf%d5%a1%d6%80%d5%be%d5%a1-%d5%b0%d5%b6%d5%a5%d6%81%d5%b4%d5%a1%d5%b6-0-5%d5%ac","status":"publish","type":"product","link":"https:\/\/b2b-armangroup.com\/fr\/produit\/%d5%af%d5%b8%d5%b6%d5%b5%d5%a1%d5%af-%d5%b6%d5%b8%d5%b5-7-%d5%bf%d5%a1%d6%80%d5%be%d5%a1-%d5%b0%d5%b6%d5%a5%d6%81%d5%b4%d5%a1%d5%b6-0-5%d5%ac\/","title":{"rendered":"Brandy Noy Classic - 7 ans d'\u00e2ge en bo\u00eete souvenir - 40% - 0.7L"},"content":{"rendered":"","protected":false},"excerpt":{"rendered":"<p class=\"p1\">Noy Classique 7 ans est un brandy arm\u00e9nien traditionnel \u00e0 la robe ambr\u00e9e, vieilli en f\u00fbts de ch\u00eane pour d\u00e9velopper \u00e9quilibre et caract\u00e8re. Ses ar\u00f4mes de fruits secs, miel et vanille s\u2019accompagnent d\u2019un go\u00fbt rond et harmonieux. Pr\u00e9sent\u00e9 dans un coffret souvenir \u00e9l\u00e9gant, il constitue un cadeau raffin\u00e9 ou un plaisir personnel.<\/p>\n<p>20,99 \u20ac per bottle<\/p>","protected":false},"featured_media":2993,"comment_status":"open","ping_status":"closed","template":"","meta":{"_acf_changed":false},"product_brand":[],"product_cat":[174,196],"product_tag":[112,80],"class_list":{"0":"post-2386","1":"product","2":"type-product","3":"status-publish","4":"has-post-thumbnail","6":"product_cat-all-collections","7":"product_cat-brandy","8":"product_tag-112","9":"product_tag-80","11":"first","12":"outofstock","13":"shipping-taxable","14":"purchasable","15":"product-type-variable","16":"wvs-archive-product-wrapper"},"acf":[],"_links":{"self":[{"href":"https:\/\/b2b-armangroup.com\/fr\/wp-json\/wp\/v2\/product\/2386","targetHints":{"allow":["GET"]}}],"collection":[{"href":"https:\/\/b2b-armangroup.com\/fr\/wp-json\/wp\/v2\/product"}],"about":[{"href":"https:\/\/b2b-armangroup.com\/fr\/wp-json\/wp\/v2\/types\/product"}],"replies":[{"embeddable":true,"href":"https:\/\/b2b-armangroup.com\/fr\/wp-json\/wp\/v2\/comments?post=2386"}],"version-history":[{"count":4,"href":"https:\/\/b2b-armangroup.com\/fr\/wp-json\/wp\/v2\/product\/2386\/revisions"}],"predecessor-version":[{"id":13214,"href":"https:\/\/b2b-armangroup.com\/fr\/wp-json\/wp\/v2\/product\/2386\/revisions\/13214"}],"wp:featuredmedia":[{"embeddable":true,"href":"https:\/\/b2b-armangroup.com\/fr\/wp-json\/wp\/v2\/media\/2993"}],"wp:attachment":[{"href":"https:\/\/b2b-armangroup.com\/fr\/wp-json\/wp\/v2\/media?parent=2386"}],"wp:term":[{"taxonomy":"product_brand","embeddable":true,"href":"https:\/\/b2b-armangroup.com\/fr\/wp-json\/wp\/v2\/product_brand?post=2386"},{"taxonomy":"product_cat","embeddable":true,"href":"https:\/\/b2b-armangroup.com\/fr\/wp-json\/wp\/v2\/product_cat?post=2386"},{"taxonomy":"product_tag","embeddable":true,"href":"https:\/\/b2b-armangroup.com\/fr\/wp-json\/wp\/v2\/product_tag?post=2386"}],"curies":[{"name":"wp","href":"https:\/\/api.w.org\/{rel}","templated":true}]}}