{"id":2416,"date":"2025-03-16T15:32:23","date_gmt":"2025-03-16T11:32:23","guid":{"rendered":"https:\/\/b2b-armangroup.com\/product\/brandy-stone-land-5-years-0-5l\/"},"modified":"2025-10-07T16:37:18","modified_gmt":"2025-10-07T12:37:18","slug":"brandy-stone-land-5-years-0-5l","status":"publish","type":"product","link":"https:\/\/b2b-armangroup.com\/fr\/produit\/brandy-stone-land-5-years-0-5l\/","title":{"rendered":"Brandy Terre de pierre - 5 ans - 0,5L"},"content":{"rendered":"","protected":false},"excerpt":{"rendered":"<p class=\"p1\">Le Brandy Stone Land 5 ans refl\u00e8te la tradition arm\u00e9nienne d\u2019assemblage et de vieillissement soign\u00e9. \u00c9lev\u00e9 en f\u00fbts de ch\u00eane, il d\u00e9voile un bouquet \u00e9quilibr\u00e9 de vanille, de fruits secs et une touche d\u2019\u00e9pices. Un brandy souple et accessible, id\u00e9al pour des moments conviviaux entre amis.<\/p>\n<p>13,50 \u20ac per bottle<\/p>","protected":false},"featured_media":3051,"comment_status":"open","ping_status":"closed","template":"","meta":{"_acf_changed":false},"product_brand":[],"product_cat":[196],"product_tag":[112],"class_list":{"0":"post-2416","1":"product","2":"type-product","3":"status-publish","4":"has-post-thumbnail","6":"product_cat-brandy","7":"product_tag-112","9":"first","10":"instock","11":"shipping-taxable","12":"purchasable","13":"product-type-variable","14":"wvs-archive-product-wrapper"},"acf":[],"_links":{"self":[{"href":"https:\/\/b2b-armangroup.com\/fr\/wp-json\/wp\/v2\/product\/2416","targetHints":{"allow":["GET"]}}],"collection":[{"href":"https:\/\/b2b-armangroup.com\/fr\/wp-json\/wp\/v2\/product"}],"about":[{"href":"https:\/\/b2b-armangroup.com\/fr\/wp-json\/wp\/v2\/types\/product"}],"replies":[{"embeddable":true,"href":"https:\/\/b2b-armangroup.com\/fr\/wp-json\/wp\/v2\/comments?post=2416"}],"version-history":[{"count":3,"href":"https:\/\/b2b-armangroup.com\/fr\/wp-json\/wp\/v2\/product\/2416\/revisions"}],"predecessor-version":[{"id":13206,"href":"https:\/\/b2b-armangroup.com\/fr\/wp-json\/wp\/v2\/product\/2416\/revisions\/13206"}],"wp:featuredmedia":[{"embeddable":true,"href":"https:\/\/b2b-armangroup.com\/fr\/wp-json\/wp\/v2\/media\/3051"}],"wp:attachment":[{"href":"https:\/\/b2b-armangroup.com\/fr\/wp-json\/wp\/v2\/media?parent=2416"}],"wp:term":[{"taxonomy":"product_brand","embeddable":true,"href":"https:\/\/b2b-armangroup.com\/fr\/wp-json\/wp\/v2\/product_brand?post=2416"},{"taxonomy":"product_cat","embeddable":true,"href":"https:\/\/b2b-armangroup.com\/fr\/wp-json\/wp\/v2\/product_cat?post=2416"},{"taxonomy":"product_tag","embeddable":true,"href":"https:\/\/b2b-armangroup.com\/fr\/wp-json\/wp\/v2\/product_tag?post=2416"}],"curies":[{"name":"wp","href":"https:\/\/api.w.org\/{rel}","templated":true}]}}