{"id":2441,"date":"2025-03-16T15:32:24","date_gmt":"2025-03-16T11:32:24","guid":{"rendered":"https:\/\/b2b-armangroup.com\/product\/buckwheat-zhitnitsa-800g\/"},"modified":"2025-12-14T14:17:04","modified_gmt":"2025-12-14T10:17:04","slug":"buckwheat-zhitnitsa-800g","status":"publish","type":"product","link":"https:\/\/b2b-armangroup.com\/fr\/produit\/buckwheat-zhitnitsa-800g\/","title":{"rendered":"Sarrasin 800g"},"content":{"rendered":"","protected":false},"excerpt":{"rendered":"<p class=\"p1 translation-block\">Sarrasin de haute qualit\u00e9 Zhitnitsa. Naturellement sans gluten, riche en prot\u00e9ines, fibres et min\u00e9raux. Aliment de base dans la cuisine d\u2019Europe de l\u2019Est et du Caucase, parfait pour les bouillies, soupes ou en accompagnement sain. Format : 800 g.<\/p>\n<p>1,70 \u20ac per pack<\/p>","protected":false},"featured_media":3082,"comment_status":"open","ping_status":"closed","template":"","meta":{"_acf_changed":false},"product_brand":[],"product_cat":[286,280],"product_tag":[102],"class_list":{"0":"post-2441","1":"product","2":"type-product","3":"status-publish","4":"has-post-thumbnail","6":"product_cat-packaged-grains","7":"product_cat-slavic-products","8":"product_tag-102","10":"first","11":"instock","12":"shipping-taxable","13":"purchasable","14":"product-type-variable","15":"wvs-archive-product-wrapper"},"acf":[],"_links":{"self":[{"href":"https:\/\/b2b-armangroup.com\/fr\/wp-json\/wp\/v2\/product\/2441","targetHints":{"allow":["GET"]}}],"collection":[{"href":"https:\/\/b2b-armangroup.com\/fr\/wp-json\/wp\/v2\/product"}],"about":[{"href":"https:\/\/b2b-armangroup.com\/fr\/wp-json\/wp\/v2\/types\/product"}],"replies":[{"embeddable":true,"href":"https:\/\/b2b-armangroup.com\/fr\/wp-json\/wp\/v2\/comments?post=2441"}],"version-history":[{"count":4,"href":"https:\/\/b2b-armangroup.com\/fr\/wp-json\/wp\/v2\/product\/2441\/revisions"}],"predecessor-version":[{"id":15167,"href":"https:\/\/b2b-armangroup.com\/fr\/wp-json\/wp\/v2\/product\/2441\/revisions\/15167"}],"wp:featuredmedia":[{"embeddable":true,"href":"https:\/\/b2b-armangroup.com\/fr\/wp-json\/wp\/v2\/media\/3082"}],"wp:attachment":[{"href":"https:\/\/b2b-armangroup.com\/fr\/wp-json\/wp\/v2\/media?parent=2441"}],"wp:term":[{"taxonomy":"product_brand","embeddable":true,"href":"https:\/\/b2b-armangroup.com\/fr\/wp-json\/wp\/v2\/product_brand?post=2441"},{"taxonomy":"product_cat","embeddable":true,"href":"https:\/\/b2b-armangroup.com\/fr\/wp-json\/wp\/v2\/product_cat?post=2441"},{"taxonomy":"product_tag","embeddable":true,"href":"https:\/\/b2b-armangroup.com\/fr\/wp-json\/wp\/v2\/product_tag?post=2441"}],"curies":[{"name":"wp","href":"https:\/\/api.w.org\/{rel}","templated":true}]}}