{"id":2610,"date":"2025-03-16T15:32:34","date_gmt":"2025-03-16T11:32:34","guid":{"rendered":"https:\/\/b2b-armangroup.com\/product\/cheese-chanakh-2-kg-arman-group\/"},"modified":"2025-10-08T13:50:33","modified_gmt":"2025-10-08T09:50:33","slug":"cheese-chanakh-2-kg-arman-group","status":"publish","type":"product","link":"https:\/\/b2b-armangroup.com\/fr\/produit\/cheese-chanakh-2-kg-arman-group\/","title":{"rendered":"Arman Group \u2014 Fromage Chanakh 2 kg"},"content":{"rendered":"","protected":false},"excerpt":{"rendered":"<p class=\"p1\">Fromage traditionnel arm\u00e9nien Chanakh. Fromage blanc en saumure, demi-dur, au go\u00fbt riche et l\u00e9g\u00e8rement acidul\u00e9, avec une texture ferme mais friable. Id\u00e9al en tranches, accompagn\u00e9 de l\u00e9gumes frais ou dans les plats traditionnels arm\u00e9niens. Format : 2 kg.<\/p>\n<p>11,00 \u20ac<\/p>","protected":false},"featured_media":3507,"comment_status":"open","ping_status":"closed","template":"","meta":{"_acf_changed":false},"product_brand":[],"product_cat":[174,38],"product_tag":[],"class_list":{"0":"post-2610","1":"product","2":"type-product","3":"status-publish","4":"has-post-thumbnail","6":"product_cat-all-collections","7":"product_cat-dairy-products","9":"first","10":"instock","11":"shipping-taxable","12":"purchasable","13":"product-type-variable","14":"wvs-archive-product-wrapper"},"acf":[],"_links":{"self":[{"href":"https:\/\/b2b-armangroup.com\/fr\/wp-json\/wp\/v2\/product\/2610","targetHints":{"allow":["GET"]}}],"collection":[{"href":"https:\/\/b2b-armangroup.com\/fr\/wp-json\/wp\/v2\/product"}],"about":[{"href":"https:\/\/b2b-armangroup.com\/fr\/wp-json\/wp\/v2\/types\/product"}],"replies":[{"embeddable":true,"href":"https:\/\/b2b-armangroup.com\/fr\/wp-json\/wp\/v2\/comments?post=2610"}],"version-history":[{"count":4,"href":"https:\/\/b2b-armangroup.com\/fr\/wp-json\/wp\/v2\/product\/2610\/revisions"}],"predecessor-version":[{"id":13262,"href":"https:\/\/b2b-armangroup.com\/fr\/wp-json\/wp\/v2\/product\/2610\/revisions\/13262"}],"wp:featuredmedia":[{"embeddable":true,"href":"https:\/\/b2b-armangroup.com\/fr\/wp-json\/wp\/v2\/media\/3507"}],"wp:attachment":[{"href":"https:\/\/b2b-armangroup.com\/fr\/wp-json\/wp\/v2\/media?parent=2610"}],"wp:term":[{"taxonomy":"product_brand","embeddable":true,"href":"https:\/\/b2b-armangroup.com\/fr\/wp-json\/wp\/v2\/product_brand?post=2610"},{"taxonomy":"product_cat","embeddable":true,"href":"https:\/\/b2b-armangroup.com\/fr\/wp-json\/wp\/v2\/product_cat?post=2610"},{"taxonomy":"product_tag","embeddable":true,"href":"https:\/\/b2b-armangroup.com\/fr\/wp-json\/wp\/v2\/product_tag?post=2610"}],"curies":[{"name":"wp","href":"https:\/\/api.w.org\/{rel}","templated":true}]}}