{"id":2643,"date":"2025-03-16T15:32:35","date_gmt":"2025-03-16T11:32:35","guid":{"rendered":"https:\/\/b2b-armangroup.com\/product\/cheese-chilal-kaiot-900g\/"},"modified":"2026-03-17T16:22:16","modified_gmt":"2026-03-17T12:22:16","slug":"cheese-chilal-kaiot-900g","status":"publish","type":"product","link":"https:\/\/b2b-armangroup.com\/fr\/produit\/cheese-chilal-kaiot-900g\/","title":{"rendered":"Pasha \u2014 Fromage Chilal Kaiot 900 g"},"content":{"rendered":"","protected":false},"excerpt":{"rendered":"<p class=\"p1\">Fromage Chilal Kaiot traditionnel de Pasha. Fromage fil\u00e9 \u00e0 base de lait de vache, \u00e9tir\u00e9 en fils pour une texture unique et une saveur douce et l\u00e9g\u00e8rement sal\u00e9e. \u00c0 d\u00e9guster frais, dans des salades ou comme encas sal\u00e9. Populaire dans la cuisine du Moyen-Orient et m\u00e9diterran\u00e9enne. Format : 900 g.<\/p>\n<p>11,00 \u20ac<\/p>","protected":false},"featured_media":10256,"comment_status":"open","ping_status":"closed","template":"","meta":{"_acf_changed":false},"product_brand":[],"product_cat":[38],"product_tag":[98],"class_list":{"0":"post-2643","1":"product","2":"type-product","3":"status-publish","4":"has-post-thumbnail","6":"product_cat-dairy-products","7":"product_tag-98","9":"first","10":"instock","11":"shipping-taxable","12":"purchasable","13":"product-type-variable","14":"wvs-archive-product-wrapper"},"acf":[],"_links":{"self":[{"href":"https:\/\/b2b-armangroup.com\/fr\/wp-json\/wp\/v2\/product\/2643","targetHints":{"allow":["GET"]}}],"collection":[{"href":"https:\/\/b2b-armangroup.com\/fr\/wp-json\/wp\/v2\/product"}],"about":[{"href":"https:\/\/b2b-armangroup.com\/fr\/wp-json\/wp\/v2\/types\/product"}],"replies":[{"embeddable":true,"href":"https:\/\/b2b-armangroup.com\/fr\/wp-json\/wp\/v2\/comments?post=2643"}],"version-history":[{"count":3,"href":"https:\/\/b2b-armangroup.com\/fr\/wp-json\/wp\/v2\/product\/2643\/revisions"}],"predecessor-version":[{"id":13264,"href":"https:\/\/b2b-armangroup.com\/fr\/wp-json\/wp\/v2\/product\/2643\/revisions\/13264"}],"wp:featuredmedia":[{"embeddable":true,"href":"https:\/\/b2b-armangroup.com\/fr\/wp-json\/wp\/v2\/media\/10256"}],"wp:attachment":[{"href":"https:\/\/b2b-armangroup.com\/fr\/wp-json\/wp\/v2\/media?parent=2643"}],"wp:term":[{"taxonomy":"product_brand","embeddable":true,"href":"https:\/\/b2b-armangroup.com\/fr\/wp-json\/wp\/v2\/product_brand?post=2643"},{"taxonomy":"product_cat","embeddable":true,"href":"https:\/\/b2b-armangroup.com\/fr\/wp-json\/wp\/v2\/product_cat?post=2643"},{"taxonomy":"product_tag","embeddable":true,"href":"https:\/\/b2b-armangroup.com\/fr\/wp-json\/wp\/v2\/product_tag?post=2643"}],"curies":[{"name":"wp","href":"https:\/\/api.w.org\/{rel}","templated":true}]}}