{"id":2799,"date":"2025-03-16T15:32:42","date_gmt":"2025-03-16T11:32:42","guid":{"rendered":"https:\/\/b2b-armangroup.com\/product\/chervil-marinated-vilfood-705g\/"},"modified":"2026-04-06T22:23:42","modified_gmt":"2026-04-06T18:23:42","slug":"chervil-marinated-vilfood-705g","status":"publish","type":"product","link":"https:\/\/b2b-armangroup.com\/fr\/produit\/chervil-marinated-vilfood-705g\/","title":{"rendered":"Vilfood - Cerfeuil marin\u00e9 - 705g"},"content":{"rendered":"","protected":false},"excerpt":{"rendered":"<p class=\"p1\">Vilfood Cerfeuil marin\u00e9 705 g. Tiges tendres de cerfeuil marin\u00e9es avec des herbes aromatiques, de l\u2019ail et des \u00e9pices pour un go\u00fbt raffin\u00e9 et l\u00e9g\u00e8rement acidul\u00e9. Id\u00e9al en accompagnement de plats froids ou chauds.<\/p>\n<p>3,99 \u20ac<\/p>","protected":false},"featured_media":16489,"comment_status":"open","ping_status":"closed","template":"","meta":{"_acf_changed":false},"product_brand":[],"product_cat":[176,198,212],"product_tag":[78],"class_list":{"0":"post-2799","1":"product","2":"type-product","3":"status-publish","4":"has-post-thumbnail","6":"product_cat-canned-goods","7":"product_cat-canned-vegetables-all-brands","8":"product_cat-vilfood","9":"product_tag-78","11":"first","12":"outofstock","13":"shipping-taxable","14":"product-type-variable","15":"wvs-archive-product-wrapper"},"acf":[],"_links":{"self":[{"href":"https:\/\/b2b-armangroup.com\/fr\/wp-json\/wp\/v2\/product\/2799","targetHints":{"allow":["GET"]}}],"collection":[{"href":"https:\/\/b2b-armangroup.com\/fr\/wp-json\/wp\/v2\/product"}],"about":[{"href":"https:\/\/b2b-armangroup.com\/fr\/wp-json\/wp\/v2\/types\/product"}],"replies":[{"embeddable":true,"href":"https:\/\/b2b-armangroup.com\/fr\/wp-json\/wp\/v2\/comments?post=2799"}],"version-history":[{"count":5,"href":"https:\/\/b2b-armangroup.com\/fr\/wp-json\/wp\/v2\/product\/2799\/revisions"}],"predecessor-version":[{"id":14889,"href":"https:\/\/b2b-armangroup.com\/fr\/wp-json\/wp\/v2\/product\/2799\/revisions\/14889"}],"wp:featuredmedia":[{"embeddable":true,"href":"https:\/\/b2b-armangroup.com\/fr\/wp-json\/wp\/v2\/media\/16489"}],"wp:attachment":[{"href":"https:\/\/b2b-armangroup.com\/fr\/wp-json\/wp\/v2\/media?parent=2799"}],"wp:term":[{"taxonomy":"product_brand","embeddable":true,"href":"https:\/\/b2b-armangroup.com\/fr\/wp-json\/wp\/v2\/product_brand?post=2799"},{"taxonomy":"product_cat","embeddable":true,"href":"https:\/\/b2b-armangroup.com\/fr\/wp-json\/wp\/v2\/product_cat?post=2799"},{"taxonomy":"product_tag","embeddable":true,"href":"https:\/\/b2b-armangroup.com\/fr\/wp-json\/wp\/v2\/product_tag?post=2799"}],"curies":[{"name":"wp","href":"https:\/\/api.w.org\/{rel}","templated":true}]}}