{"id":2834,"date":"2025-03-16T15:32:43","date_gmt":"2025-03-16T11:32:43","guid":{"rendered":"https:\/\/b2b-armangroup.com\/product\/copy-of-chips-apache-paprika-40g\/"},"modified":"2025-10-19T20:34:13","modified_gmt":"2025-10-19T16:34:13","slug":"copy-of-chips-apache-paprika-40g","status":"publish","type":"product","link":"https:\/\/b2b-armangroup.com\/fr\/produit\/copy-of-chips-apache-paprika-40g\/","title":{"rendered":"Apache \u2014 Chips Barbecue 40 g"},"content":{"rendered":"","protected":false},"excerpt":{"rendered":"<p class=\"p1\">Chips Apache Barbecue 40 g. Chips dor\u00e9s et croustillants, relev\u00e9s d\u2019un assaisonnement fum\u00e9 barbecue pour une saveur intense et savoureuse. Id\u00e9al pour ceux qui aiment une touche fum\u00e9e \u00e0 chaque bouch\u00e9e. Parfait pour les pauses, \u00e0 partager ou en f\u00eate. Format : 40 g.<\/p>\n<p>0,40 \u20ac per pack<\/p>","protected":false},"featured_media":3770,"comment_status":"open","ping_status":"closed","template":"","meta":{"_acf_changed":false},"product_brand":[],"product_cat":[174,236,235],"product_tag":[],"class_list":{"0":"post-2834","1":"product","2":"type-product","3":"status-publish","4":"has-post-thumbnail","6":"product_cat-all-collections","7":"product_cat-chips","8":"product_cat-snacks","10":"first","11":"instock","12":"shipping-taxable","13":"purchasable","14":"product-type-variable","15":"wvs-archive-product-wrapper"},"acf":[],"_links":{"self":[{"href":"https:\/\/b2b-armangroup.com\/fr\/wp-json\/wp\/v2\/product\/2834","targetHints":{"allow":["GET"]}}],"collection":[{"href":"https:\/\/b2b-armangroup.com\/fr\/wp-json\/wp\/v2\/product"}],"about":[{"href":"https:\/\/b2b-armangroup.com\/fr\/wp-json\/wp\/v2\/types\/product"}],"replies":[{"embeddable":true,"href":"https:\/\/b2b-armangroup.com\/fr\/wp-json\/wp\/v2\/comments?post=2834"}],"version-history":[{"count":5,"href":"https:\/\/b2b-armangroup.com\/fr\/wp-json\/wp\/v2\/product\/2834\/revisions"}],"predecessor-version":[{"id":13696,"href":"https:\/\/b2b-armangroup.com\/fr\/wp-json\/wp\/v2\/product\/2834\/revisions\/13696"}],"wp:featuredmedia":[{"embeddable":true,"href":"https:\/\/b2b-armangroup.com\/fr\/wp-json\/wp\/v2\/media\/3770"}],"wp:attachment":[{"href":"https:\/\/b2b-armangroup.com\/fr\/wp-json\/wp\/v2\/media?parent=2834"}],"wp:term":[{"taxonomy":"product_brand","embeddable":true,"href":"https:\/\/b2b-armangroup.com\/fr\/wp-json\/wp\/v2\/product_brand?post=2834"},{"taxonomy":"product_cat","embeddable":true,"href":"https:\/\/b2b-armangroup.com\/fr\/wp-json\/wp\/v2\/product_cat?post=2834"},{"taxonomy":"product_tag","embeddable":true,"href":"https:\/\/b2b-armangroup.com\/fr\/wp-json\/wp\/v2\/product_tag?post=2834"}],"curies":[{"name":"wp","href":"https:\/\/api.w.org\/{rel}","templated":true}]}}