{"id":2845,"date":"2025-03-16T15:32:44","date_gmt":"2025-03-16T11:32:44","guid":{"rendered":"https:\/\/b2b-armangroup.com\/product\/chips-apache-cheese-40g\/"},"modified":"2025-10-19T20:33:54","modified_gmt":"2025-10-19T16:33:54","slug":"chips-apache-cheese-40g","status":"publish","type":"product","link":"https:\/\/b2b-armangroup.com\/fr\/produit\/chips-apache-cheese-40g\/","title":{"rendered":"Apache \u2014 Chips Fromage 40 g"},"content":{"rendered":"","protected":false},"excerpt":{"rendered":"<p class=\"p1\">Chips Apache Fromage 40 g. Chips dor\u00e9s et croustillants, enrob\u00e9s d\u2019un assaisonnement au fromage pour une saveur cr\u00e9meuse et savoureuse. Un \u00e9quilibre parfait entre croquant et gourmandise fromag\u00e8re. Id\u00e9al pour les pauses, f\u00eates ou \u00e0 emporter. Format : 40 g.<\/p>\n<p>0,40 \u20ac per pack<\/p>","protected":false},"featured_media":3799,"comment_status":"open","ping_status":"closed","template":"","meta":{"_acf_changed":false},"product_brand":[],"product_cat":[174,236,235],"product_tag":[],"class_list":{"0":"post-2845","1":"product","2":"type-product","3":"status-publish","4":"has-post-thumbnail","6":"product_cat-all-collections","7":"product_cat-chips","8":"product_cat-snacks","10":"first","11":"instock","12":"shipping-taxable","13":"purchasable","14":"product-type-variable","15":"wvs-archive-product-wrapper"},"acf":[],"_links":{"self":[{"href":"https:\/\/b2b-armangroup.com\/fr\/wp-json\/wp\/v2\/product\/2845","targetHints":{"allow":["GET"]}}],"collection":[{"href":"https:\/\/b2b-armangroup.com\/fr\/wp-json\/wp\/v2\/product"}],"about":[{"href":"https:\/\/b2b-armangroup.com\/fr\/wp-json\/wp\/v2\/types\/product"}],"replies":[{"embeddable":true,"href":"https:\/\/b2b-armangroup.com\/fr\/wp-json\/wp\/v2\/comments?post=2845"}],"version-history":[{"count":6,"href":"https:\/\/b2b-armangroup.com\/fr\/wp-json\/wp\/v2\/product\/2845\/revisions"}],"predecessor-version":[{"id":13695,"href":"https:\/\/b2b-armangroup.com\/fr\/wp-json\/wp\/v2\/product\/2845\/revisions\/13695"}],"wp:featuredmedia":[{"embeddable":true,"href":"https:\/\/b2b-armangroup.com\/fr\/wp-json\/wp\/v2\/media\/3799"}],"wp:attachment":[{"href":"https:\/\/b2b-armangroup.com\/fr\/wp-json\/wp\/v2\/media?parent=2845"}],"wp:term":[{"taxonomy":"product_brand","embeddable":true,"href":"https:\/\/b2b-armangroup.com\/fr\/wp-json\/wp\/v2\/product_brand?post=2845"},{"taxonomy":"product_cat","embeddable":true,"href":"https:\/\/b2b-armangroup.com\/fr\/wp-json\/wp\/v2\/product_cat?post=2845"},{"taxonomy":"product_tag","embeddable":true,"href":"https:\/\/b2b-armangroup.com\/fr\/wp-json\/wp\/v2\/product_tag?post=2845"}],"curies":[{"name":"wp","href":"https:\/\/api.w.org\/{rel}","templated":true}]}}