{"id":2868,"date":"2025-03-16T15:32:45","date_gmt":"2025-03-16T11:32:45","guid":{"rendered":"https:\/\/b2b-armangroup.com\/product\/chips-apache-pillows-onion-and-sour-cream-40g\/"},"modified":"2025-10-19T20:33:18","modified_gmt":"2025-10-19T16:33:18","slug":"chips-apache-pillows-onion-and-sour-cream-40g","status":"publish","type":"product","link":"https:\/\/b2b-armangroup.com\/fr\/produit\/chips-apache-pillows-onion-and-sour-cream-40g\/","title":{"rendered":"Apache \u2014 Coussins de chips oignon et cr\u00e8me fra\u00eeche 40 g"},"content":{"rendered":"","protected":false},"excerpt":{"rendered":"<p class=\"p1\">Coussins de chips Apache oignon et cr\u00e8me fra\u00eeche 40 g. Croquants et l\u00e9gers, avec une saveur riche d\u2019oignon et de cr\u00e8me. Une collation gourmande qui allie croustillant et fondant. Id\u00e9al pour emporter, pour une soir\u00e9e cin\u00e9ma ou un petit encas. Format : 40 g.<\/p>\n<p>0,40 \u20ac per pack<\/p>","protected":false},"featured_media":3812,"comment_status":"open","ping_status":"closed","template":"","meta":{"_acf_changed":false},"product_brand":[],"product_cat":[236,235],"product_tag":[83],"class_list":{"0":"post-2868","1":"product","2":"type-product","3":"status-publish","4":"has-post-thumbnail","6":"product_cat-chips","7":"product_cat-snacks","8":"product_tag-83","10":"first","11":"instock","12":"shipping-taxable","13":"purchasable","14":"product-type-variable","15":"wvs-archive-product-wrapper"},"acf":[],"_links":{"self":[{"href":"https:\/\/b2b-armangroup.com\/fr\/wp-json\/wp\/v2\/product\/2868","targetHints":{"allow":["GET"]}}],"collection":[{"href":"https:\/\/b2b-armangroup.com\/fr\/wp-json\/wp\/v2\/product"}],"about":[{"href":"https:\/\/b2b-armangroup.com\/fr\/wp-json\/wp\/v2\/types\/product"}],"replies":[{"embeddable":true,"href":"https:\/\/b2b-armangroup.com\/fr\/wp-json\/wp\/v2\/comments?post=2868"}],"version-history":[{"count":5,"href":"https:\/\/b2b-armangroup.com\/fr\/wp-json\/wp\/v2\/product\/2868\/revisions"}],"predecessor-version":[{"id":13693,"href":"https:\/\/b2b-armangroup.com\/fr\/wp-json\/wp\/v2\/product\/2868\/revisions\/13693"}],"wp:featuredmedia":[{"embeddable":true,"href":"https:\/\/b2b-armangroup.com\/fr\/wp-json\/wp\/v2\/media\/3812"}],"wp:attachment":[{"href":"https:\/\/b2b-armangroup.com\/fr\/wp-json\/wp\/v2\/media?parent=2868"}],"wp:term":[{"taxonomy":"product_brand","embeddable":true,"href":"https:\/\/b2b-armangroup.com\/fr\/wp-json\/wp\/v2\/product_brand?post=2868"},{"taxonomy":"product_cat","embeddable":true,"href":"https:\/\/b2b-armangroup.com\/fr\/wp-json\/wp\/v2\/product_cat?post=2868"},{"taxonomy":"product_tag","embeddable":true,"href":"https:\/\/b2b-armangroup.com\/fr\/wp-json\/wp\/v2\/product_tag?post=2868"}],"curies":[{"name":"wp","href":"https:\/\/api.w.org\/{rel}","templated":true}]}}