{"id":2900,"date":"2025-03-16T15:32:46","date_gmt":"2025-03-16T11:32:46","guid":{"rendered":"https:\/\/b2b-armangroup.com\/product\/chips-apache-rings-cheese-50g\/"},"modified":"2025-10-08T15:47:52","modified_gmt":"2025-10-08T11:47:52","slug":"chips-apache-rings-cheese-50g","status":"publish","type":"product","link":"https:\/\/b2b-armangroup.com\/fr\/produit\/chips-apache-rings-cheese-50g\/","title":{"rendered":"Apache \u2014 Chips Anneaux Fromage 50 g"},"content":{"rendered":"","protected":false},"excerpt":{"rendered":"<p class=\"p1\">Apache Anneaux Fromage 50 g. Anneaux l\u00e9gers et croustillants, au go\u00fbt riche de fromage. Un en-cas amusant et savoureux, id\u00e9al \u00e0 partager ou \u00e0 d\u00e9guster en d\u00e9placement. Format : 50 g.<\/p>\n<p>0,80 \u20ac per pack<\/p>","protected":false},"featured_media":3836,"comment_status":"open","ping_status":"closed","template":"","meta":{"_acf_changed":false},"product_brand":[],"product_cat":[236,235],"product_tag":[83],"class_list":{"0":"post-2900","1":"product","2":"type-product","3":"status-publish","4":"has-post-thumbnail","6":"product_cat-chips","7":"product_cat-snacks","8":"product_tag-83","10":"first","11":"outofstock","12":"shipping-taxable","13":"purchasable","14":"product-type-variable","15":"wvs-archive-product-wrapper"},"acf":[],"_links":{"self":[{"href":"https:\/\/b2b-armangroup.com\/fr\/wp-json\/wp\/v2\/product\/2900","targetHints":{"allow":["GET"]}}],"collection":[{"href":"https:\/\/b2b-armangroup.com\/fr\/wp-json\/wp\/v2\/product"}],"about":[{"href":"https:\/\/b2b-armangroup.com\/fr\/wp-json\/wp\/v2\/types\/product"}],"replies":[{"embeddable":true,"href":"https:\/\/b2b-armangroup.com\/fr\/wp-json\/wp\/v2\/comments?post=2900"}],"version-history":[{"count":3,"href":"https:\/\/b2b-armangroup.com\/fr\/wp-json\/wp\/v2\/product\/2900\/revisions"}],"predecessor-version":[{"id":13277,"href":"https:\/\/b2b-armangroup.com\/fr\/wp-json\/wp\/v2\/product\/2900\/revisions\/13277"}],"wp:featuredmedia":[{"embeddable":true,"href":"https:\/\/b2b-armangroup.com\/fr\/wp-json\/wp\/v2\/media\/3836"}],"wp:attachment":[{"href":"https:\/\/b2b-armangroup.com\/fr\/wp-json\/wp\/v2\/media?parent=2900"}],"wp:term":[{"taxonomy":"product_brand","embeddable":true,"href":"https:\/\/b2b-armangroup.com\/fr\/wp-json\/wp\/v2\/product_brand?post=2900"},{"taxonomy":"product_cat","embeddable":true,"href":"https:\/\/b2b-armangroup.com\/fr\/wp-json\/wp\/v2\/product_cat?post=2900"},{"taxonomy":"product_tag","embeddable":true,"href":"https:\/\/b2b-armangroup.com\/fr\/wp-json\/wp\/v2\/product_tag?post=2900"}],"curies":[{"name":"wp","href":"https:\/\/api.w.org\/{rel}","templated":true}]}}