{"id":2922,"date":"2025-03-16T15:32:47","date_gmt":"2025-03-16T11:32:47","guid":{"rendered":"https:\/\/b2b-armangroup.com\/product\/chips-apache-sticks-cheese-40g\/"},"modified":"2025-10-08T15:46:04","modified_gmt":"2025-10-08T11:46:04","slug":"chips-apache-sticks-cheese-40g","status":"publish","type":"product","link":"https:\/\/b2b-armangroup.com\/fr\/produit\/chips-apache-sticks-cheese-40g\/","title":{"rendered":"Apache \u2014 Chips B\u00e2tonnets Fromage 40 g"},"content":{"rendered":"","protected":false},"excerpt":{"rendered":"<p class=\"p1\">Chips Apache B\u00e2tonnets Fromage 40 g. B\u00e2tonnets dor\u00e9s et croustillants au go\u00fbt riche de fromage. Id\u00e9al pour une pause sal\u00e9e, \u00e0 la maison, en d\u00e9placement ou entre amis. Format : 40 g.<\/p>\n<p>0,50 \u20ac per pack<\/p>","protected":false},"featured_media":3855,"comment_status":"open","ping_status":"closed","template":"","meta":{"_acf_changed":false},"product_brand":[],"product_cat":[236,235],"product_tag":[],"class_list":{"0":"post-2922","1":"product","2":"type-product","3":"status-publish","4":"has-post-thumbnail","6":"product_cat-chips","7":"product_cat-snacks","9":"first","10":"outofstock","11":"shipping-taxable","12":"purchasable","13":"product-type-variable","14":"wvs-archive-product-wrapper"},"acf":[],"_links":{"self":[{"href":"https:\/\/b2b-armangroup.com\/fr\/wp-json\/wp\/v2\/product\/2922","targetHints":{"allow":["GET"]}}],"collection":[{"href":"https:\/\/b2b-armangroup.com\/fr\/wp-json\/wp\/v2\/product"}],"about":[{"href":"https:\/\/b2b-armangroup.com\/fr\/wp-json\/wp\/v2\/types\/product"}],"replies":[{"embeddable":true,"href":"https:\/\/b2b-armangroup.com\/fr\/wp-json\/wp\/v2\/comments?post=2922"}],"version-history":[{"count":3,"href":"https:\/\/b2b-armangroup.com\/fr\/wp-json\/wp\/v2\/product\/2922\/revisions"}],"predecessor-version":[{"id":13276,"href":"https:\/\/b2b-armangroup.com\/fr\/wp-json\/wp\/v2\/product\/2922\/revisions\/13276"}],"wp:featuredmedia":[{"embeddable":true,"href":"https:\/\/b2b-armangroup.com\/fr\/wp-json\/wp\/v2\/media\/3855"}],"wp:attachment":[{"href":"https:\/\/b2b-armangroup.com\/fr\/wp-json\/wp\/v2\/media?parent=2922"}],"wp:term":[{"taxonomy":"product_brand","embeddable":true,"href":"https:\/\/b2b-armangroup.com\/fr\/wp-json\/wp\/v2\/product_brand?post=2922"},{"taxonomy":"product_cat","embeddable":true,"href":"https:\/\/b2b-armangroup.com\/fr\/wp-json\/wp\/v2\/product_cat?post=2922"},{"taxonomy":"product_tag","embeddable":true,"href":"https:\/\/b2b-armangroup.com\/fr\/wp-json\/wp\/v2\/product_tag?post=2922"}],"curies":[{"name":"wp","href":"https:\/\/api.w.org\/{rel}","templated":true}]}}