{"id":2933,"date":"2025-03-16T15:32:48","date_gmt":"2025-03-16T11:32:48","guid":{"rendered":"https:\/\/b2b-armangroup.com\/product\/chips-apache-sticks-paprika-40g\/"},"modified":"2025-10-08T15:34:07","modified_gmt":"2025-10-08T11:34:07","slug":"chips-apache-sticks-paprika-40g","status":"publish","type":"product","link":"https:\/\/b2b-armangroup.com\/fr\/produit\/chips-apache-sticks-paprika-40g\/","title":{"rendered":"Apache \u2014 Chips B\u00e2tonnets Paprika 40 g"},"content":{"rendered":"","protected":false},"excerpt":{"rendered":"<p class=\"p1\">Chips Apache B\u00e2tonnets Paprika 40 g. Fins b\u00e2tonnets croustillants avec un assaisonnement fum\u00e9 au paprika. Une version originale des chips classiques, id\u00e9ale pour grignoter partout, lors des f\u00eates ou avec une boisson. Format : 40 g.<\/p>\n<p>0,50 \u20ac per pack<\/p>","protected":false},"featured_media":3862,"comment_status":"open","ping_status":"closed","template":"","meta":{"_acf_changed":false},"product_brand":[],"product_cat":[236,235],"product_tag":[],"class_list":{"0":"post-2933","1":"product","2":"type-product","3":"status-publish","4":"has-post-thumbnail","6":"product_cat-chips","7":"product_cat-snacks","9":"first","10":"outofstock","11":"shipping-taxable","12":"product-type-variable","13":"wvs-archive-product-wrapper"},"acf":[],"_links":{"self":[{"href":"https:\/\/b2b-armangroup.com\/fr\/wp-json\/wp\/v2\/product\/2933","targetHints":{"allow":["GET"]}}],"collection":[{"href":"https:\/\/b2b-armangroup.com\/fr\/wp-json\/wp\/v2\/product"}],"about":[{"href":"https:\/\/b2b-armangroup.com\/fr\/wp-json\/wp\/v2\/types\/product"}],"replies":[{"embeddable":true,"href":"https:\/\/b2b-armangroup.com\/fr\/wp-json\/wp\/v2\/comments?post=2933"}],"version-history":[{"count":4,"href":"https:\/\/b2b-armangroup.com\/fr\/wp-json\/wp\/v2\/product\/2933\/revisions"}],"predecessor-version":[{"id":13274,"href":"https:\/\/b2b-armangroup.com\/fr\/wp-json\/wp\/v2\/product\/2933\/revisions\/13274"}],"wp:featuredmedia":[{"embeddable":true,"href":"https:\/\/b2b-armangroup.com\/fr\/wp-json\/wp\/v2\/media\/3862"}],"wp:attachment":[{"href":"https:\/\/b2b-armangroup.com\/fr\/wp-json\/wp\/v2\/media?parent=2933"}],"wp:term":[{"taxonomy":"product_brand","embeddable":true,"href":"https:\/\/b2b-armangroup.com\/fr\/wp-json\/wp\/v2\/product_brand?post=2933"},{"taxonomy":"product_cat","embeddable":true,"href":"https:\/\/b2b-armangroup.com\/fr\/wp-json\/wp\/v2\/product_cat?post=2933"},{"taxonomy":"product_tag","embeddable":true,"href":"https:\/\/b2b-armangroup.com\/fr\/wp-json\/wp\/v2\/product_tag?post=2933"}],"curies":[{"name":"wp","href":"https:\/\/api.w.org\/{rel}","templated":true}]}}