{"id":3193,"date":"2025-03-16T15:33:00","date_gmt":"2025-03-16T11:33:00","guid":{"rendered":"https:\/\/b2b-armangroup.com\/product\/coffee-royal-brasilia-zip-red-100g\/"},"modified":"2026-03-11T13:50:42","modified_gmt":"2026-03-11T09:50:42","slug":"coffee-royal-brasilia-zip-red-100g","status":"publish","type":"product","link":"https:\/\/b2b-armangroup.com\/fr\/produit\/coffee-royal-brasilia-zip-red-100g\/","title":{"rendered":"Royal Armenia - Caf\u00e9 Br\u00e9silien \u2013 100g"},"content":{"rendered":"","protected":false},"excerpt":{"rendered":"<p class=\"p1\">Finely ground <span class=\"s1\"><b>Brazilian coffee<\/b><\/span> Caf\u00e9 br\u00e9silien moulu finement par Royal Armenia. Ar\u00f4me riche, go\u00fbt doux et qualit\u00e9 authentique, parfait pour une v\u00e9ritable exp\u00e9rience caf\u00e9.<\/p>\n<p>1,95\u20ac le pack<\/p>","protected":false},"featured_media":10796,"comment_status":"open","ping_status":"closed","template":"","meta":{"_acf_changed":false},"product_brand":[],"product_cat":[174,179],"product_tag":[80,119],"class_list":{"0":"post-3193","1":"product","2":"type-product","3":"status-publish","4":"has-post-thumbnail","6":"product_cat-all-collections","7":"product_cat-coffee-and-tea","8":"product_tag-80","9":"product_tag-119","11":"first","12":"instock","13":"shipping-taxable","14":"purchasable","15":"product-type-variable","16":"wvs-archive-product-wrapper"},"acf":[],"_links":{"self":[{"href":"https:\/\/b2b-armangroup.com\/fr\/wp-json\/wp\/v2\/product\/3193","targetHints":{"allow":["GET"]}}],"collection":[{"href":"https:\/\/b2b-armangroup.com\/fr\/wp-json\/wp\/v2\/product"}],"about":[{"href":"https:\/\/b2b-armangroup.com\/fr\/wp-json\/wp\/v2\/types\/product"}],"replies":[{"embeddable":true,"href":"https:\/\/b2b-armangroup.com\/fr\/wp-json\/wp\/v2\/comments?post=3193"}],"version-history":[{"count":5,"href":"https:\/\/b2b-armangroup.com\/fr\/wp-json\/wp\/v2\/product\/3193\/revisions"}],"predecessor-version":[{"id":15995,"href":"https:\/\/b2b-armangroup.com\/fr\/wp-json\/wp\/v2\/product\/3193\/revisions\/15995"}],"wp:featuredmedia":[{"embeddable":true,"href":"https:\/\/b2b-armangroup.com\/fr\/wp-json\/wp\/v2\/media\/10796"}],"wp:attachment":[{"href":"https:\/\/b2b-armangroup.com\/fr\/wp-json\/wp\/v2\/media?parent=3193"}],"wp:term":[{"taxonomy":"product_brand","embeddable":true,"href":"https:\/\/b2b-armangroup.com\/fr\/wp-json\/wp\/v2\/product_brand?post=3193"},{"taxonomy":"product_cat","embeddable":true,"href":"https:\/\/b2b-armangroup.com\/fr\/wp-json\/wp\/v2\/product_cat?post=3193"},{"taxonomy":"product_tag","embeddable":true,"href":"https:\/\/b2b-armangroup.com\/fr\/wp-json\/wp\/v2\/product_tag?post=3193"}],"curies":[{"name":"wp","href":"https:\/\/api.w.org\/{rel}","templated":true}]}}