{"id":3205,"date":"2025-03-16T15:33:00","date_gmt":"2025-03-16T11:33:00","guid":{"rendered":"https:\/\/b2b-armangroup.com\/product\/coffee-royal-brasilia-zip-ultra-blue-100g\/"},"modified":"2025-10-25T15:12:59","modified_gmt":"2025-10-25T11:12:59","slug":"coffee-royal-brasilia-zip-ultra-blue-100g","status":"publish","type":"product","link":"https:\/\/b2b-armangroup.com\/fr\/produit\/coffee-royal-brasilia-zip-ultra-blue-100g\/","title":{"rendered":"Royal Armenia Caf\u00e9 Moulu Bleu Ultra \u2013 100g"},"content":{"rendered":"","protected":false},"excerpt":{"rendered":"<p class=\"p1 translation-block\">Le m\u00e9lange Bleu Ultra de Royal Armenia associe l\u2019Arabica et le Robusta pour une saveur cors\u00e9e et un ar\u00f4me intense. Conditionn\u00e9 dans un sachet bleu refermable, il garantit fra\u00eecheur et qualit\u00e9 \u00e0 chaque tasse.<\/p>\n<p>1,95\u20ac le pack<\/p>","protected":false},"featured_media":10798,"comment_status":"open","ping_status":"closed","template":"","meta":{"_acf_changed":false},"product_brand":[],"product_cat":[174,179],"product_tag":[119],"class_list":{"0":"post-3205","1":"product","2":"type-product","3":"status-publish","4":"has-post-thumbnail","6":"product_cat-all-collections","7":"product_cat-coffee-and-tea","8":"product_tag-119","10":"first","11":"instock","12":"shipping-taxable","13":"purchasable","14":"product-type-variable","15":"wvs-archive-product-wrapper"},"acf":[],"_links":{"self":[{"href":"https:\/\/b2b-armangroup.com\/fr\/wp-json\/wp\/v2\/product\/3205","targetHints":{"allow":["GET"]}}],"collection":[{"href":"https:\/\/b2b-armangroup.com\/fr\/wp-json\/wp\/v2\/product"}],"about":[{"href":"https:\/\/b2b-armangroup.com\/fr\/wp-json\/wp\/v2\/types\/product"}],"replies":[{"embeddable":true,"href":"https:\/\/b2b-armangroup.com\/fr\/wp-json\/wp\/v2\/comments?post=3205"}],"version-history":[{"count":4,"href":"https:\/\/b2b-armangroup.com\/fr\/wp-json\/wp\/v2\/product\/3205\/revisions"}],"predecessor-version":[{"id":13942,"href":"https:\/\/b2b-armangroup.com\/fr\/wp-json\/wp\/v2\/product\/3205\/revisions\/13942"}],"wp:featuredmedia":[{"embeddable":true,"href":"https:\/\/b2b-armangroup.com\/fr\/wp-json\/wp\/v2\/media\/10798"}],"wp:attachment":[{"href":"https:\/\/b2b-armangroup.com\/fr\/wp-json\/wp\/v2\/media?parent=3205"}],"wp:term":[{"taxonomy":"product_brand","embeddable":true,"href":"https:\/\/b2b-armangroup.com\/fr\/wp-json\/wp\/v2\/product_brand?post=3205"},{"taxonomy":"product_cat","embeddable":true,"href":"https:\/\/b2b-armangroup.com\/fr\/wp-json\/wp\/v2\/product_cat?post=3205"},{"taxonomy":"product_tag","embeddable":true,"href":"https:\/\/b2b-armangroup.com\/fr\/wp-json\/wp\/v2\/product_tag?post=3205"}],"curies":[{"name":"wp","href":"https:\/\/api.w.org\/{rel}","templated":true}]}}