{"id":3216,"date":"2025-03-16T15:33:01","date_gmt":"2025-03-16T11:33:01","guid":{"rendered":"https:\/\/b2b-armangroup.com\/product\/coffee-royal-brasilia-zip-classic-green-100g\/"},"modified":"2026-03-11T13:53:05","modified_gmt":"2026-03-11T09:53:05","slug":"coffee-royal-brasilia-zip-classic-green-100g","status":"publish","type":"product","link":"https:\/\/b2b-armangroup.com\/fr\/produit\/coffee-royal-brasilia-zip-classic-green-100g\/","title":{"rendered":"Royal Armenia Caf\u00e9 Moulu Classique Vert \u2013 100g"},"content":{"rendered":"","protected":false},"excerpt":{"rendered":"<p class=\"p1 translation-block\">Le m\u00e9lange Classique Vert de Royal Armenia associe des grains d\u2019Arabica et de Robusta pour un go\u00fbt riche et \u00e9quilibr\u00e9. Finement moulu et conditionn\u00e9 dans un sachet vert refermable, il garantit fra\u00eecheur et ar\u00f4me \u00e0 chaque tasse.<\/p>\n<p>1,95\u20ac le pack<\/p>","protected":false},"featured_media":10797,"comment_status":"open","ping_status":"closed","template":"","meta":{"_acf_changed":false},"product_brand":[],"product_cat":[174,179],"product_tag":[119],"class_list":{"0":"post-3216","1":"product","2":"type-product","3":"status-publish","4":"has-post-thumbnail","6":"product_cat-all-collections","7":"product_cat-coffee-and-tea","8":"product_tag-119","10":"first","11":"instock","12":"shipping-taxable","13":"purchasable","14":"product-type-variable","15":"wvs-archive-product-wrapper"},"acf":[],"_links":{"self":[{"href":"https:\/\/b2b-armangroup.com\/fr\/wp-json\/wp\/v2\/product\/3216","targetHints":{"allow":["GET"]}}],"collection":[{"href":"https:\/\/b2b-armangroup.com\/fr\/wp-json\/wp\/v2\/product"}],"about":[{"href":"https:\/\/b2b-armangroup.com\/fr\/wp-json\/wp\/v2\/types\/product"}],"replies":[{"embeddable":true,"href":"https:\/\/b2b-armangroup.com\/fr\/wp-json\/wp\/v2\/comments?post=3216"}],"version-history":[{"count":5,"href":"https:\/\/b2b-armangroup.com\/fr\/wp-json\/wp\/v2\/product\/3216\/revisions"}],"predecessor-version":[{"id":13940,"href":"https:\/\/b2b-armangroup.com\/fr\/wp-json\/wp\/v2\/product\/3216\/revisions\/13940"}],"wp:featuredmedia":[{"embeddable":true,"href":"https:\/\/b2b-armangroup.com\/fr\/wp-json\/wp\/v2\/media\/10797"}],"wp:attachment":[{"href":"https:\/\/b2b-armangroup.com\/fr\/wp-json\/wp\/v2\/media?parent=3216"}],"wp:term":[{"taxonomy":"product_brand","embeddable":true,"href":"https:\/\/b2b-armangroup.com\/fr\/wp-json\/wp\/v2\/product_brand?post=3216"},{"taxonomy":"product_cat","embeddable":true,"href":"https:\/\/b2b-armangroup.com\/fr\/wp-json\/wp\/v2\/product_cat?post=3216"},{"taxonomy":"product_tag","embeddable":true,"href":"https:\/\/b2b-armangroup.com\/fr\/wp-json\/wp\/v2\/product_tag?post=3216"}],"curies":[{"name":"wp","href":"https:\/\/api.w.org\/{rel}","templated":true}]}}