{"id":3263,"date":"2025-03-16T15:33:03","date_gmt":"2025-03-16T11:33:03","guid":{"rendered":"https:\/\/b2b-armangroup.com\/product\/cold-breakfast-mix-apache-150g\/"},"modified":"2025-10-11T17:58:24","modified_gmt":"2025-10-11T13:58:24","slug":"cold-breakfast-mix-apache-150g","status":"publish","type":"product","link":"https:\/\/b2b-armangroup.com\/fr\/produit\/cold-breakfast-mix-apache-150g\/","title":{"rendered":"Apache \u2014 C\u00e9r\u00e9ales pour petit-d\u00e9jeuner 250 g"},"content":{"rendered":"","protected":false},"excerpt":{"rendered":"<p class=\"p1\">Apache C\u00e9r\u00e9ales pour petit-d\u00e9jeuner 250 g. M\u00e9lange savoureux de boules croustillantes et de morceaux de chocolat pour un petit-d\u00e9jeuner nutritif et plein d\u2019\u00e9nergie. \u00c0 d\u00e9guster avec du lait ou du yaourt. Format : 250 g.<\/p>\n<p>1,30 \u20ac per pack<\/p>","protected":false},"featured_media":4091,"comment_status":"open","ping_status":"closed","template":"","meta":{"_acf_changed":false},"product_brand":[],"product_cat":[178,260,218,239],"product_tag":[],"class_list":{"0":"post-3263","1":"product","2":"type-product","3":"status-publish","4":"has-post-thumbnail","6":"product_cat-chips-sunflower-seeds-sweet-sticks","7":"product_cat-new-products","8":"product_cat-sweets","9":"product_cat-wafer","11":"first","12":"instock","13":"shipping-taxable","14":"purchasable","15":"product-type-variable","16":"wvs-archive-product-wrapper"},"acf":[],"_links":{"self":[{"href":"https:\/\/b2b-armangroup.com\/fr\/wp-json\/wp\/v2\/product\/3263","targetHints":{"allow":["GET"]}}],"collection":[{"href":"https:\/\/b2b-armangroup.com\/fr\/wp-json\/wp\/v2\/product"}],"about":[{"href":"https:\/\/b2b-armangroup.com\/fr\/wp-json\/wp\/v2\/types\/product"}],"replies":[{"embeddable":true,"href":"https:\/\/b2b-armangroup.com\/fr\/wp-json\/wp\/v2\/comments?post=3263"}],"version-history":[{"count":4,"href":"https:\/\/b2b-armangroup.com\/fr\/wp-json\/wp\/v2\/product\/3263\/revisions"}],"predecessor-version":[{"id":13315,"href":"https:\/\/b2b-armangroup.com\/fr\/wp-json\/wp\/v2\/product\/3263\/revisions\/13315"}],"wp:featuredmedia":[{"embeddable":true,"href":"https:\/\/b2b-armangroup.com\/fr\/wp-json\/wp\/v2\/media\/4091"}],"wp:attachment":[{"href":"https:\/\/b2b-armangroup.com\/fr\/wp-json\/wp\/v2\/media?parent=3263"}],"wp:term":[{"taxonomy":"product_brand","embeddable":true,"href":"https:\/\/b2b-armangroup.com\/fr\/wp-json\/wp\/v2\/product_brand?post=3263"},{"taxonomy":"product_cat","embeddable":true,"href":"https:\/\/b2b-armangroup.com\/fr\/wp-json\/wp\/v2\/product_cat?post=3263"},{"taxonomy":"product_tag","embeddable":true,"href":"https:\/\/b2b-armangroup.com\/fr\/wp-json\/wp\/v2\/product_tag?post=3263"}],"curies":[{"name":"wp","href":"https:\/\/api.w.org\/{rel}","templated":true}]}}