{"id":3275,"date":"2025-03-16T15:33:03","date_gmt":"2025-03-16T11:33:03","guid":{"rendered":"https:\/\/b2b-armangroup.com\/product\/cold-breakfast-ring-mix-apache-300g\/"},"modified":"2025-10-11T17:57:43","modified_gmt":"2025-10-11T13:57:43","slug":"cold-breakfast-ring-mix-apache-300g","status":"publish","type":"product","link":"https:\/\/b2b-armangroup.com\/fr\/produit\/cold-breakfast-ring-mix-apache-300g\/","title":{"rendered":"Apache \u2014 C\u00e9r\u00e9ales en anneaux pour petit-d\u00e9jeuner 300 g"},"content":{"rendered":"","protected":false},"excerpt":{"rendered":"<p class=\"p1\">Apache C\u00e9r\u00e9ales en anneaux pour petit-d\u00e9jeuner 300 g. Anneaux croustillants et color\u00e9s, l\u00e9g\u00e8rement sucr\u00e9s \u2014 parfaits pour les enfants et les adultes. \u00c0 d\u00e9guster avec du lait ou du yaourt pour bien commencer la journ\u00e9e. Format : 300 g.<\/p>\n<p>1,30 \u20ac per pack<\/p>","protected":false},"featured_media":4103,"comment_status":"open","ping_status":"closed","template":"","meta":{"_acf_changed":false},"product_brand":[],"product_cat":[178,260,218,239],"product_tag":[],"class_list":{"0":"post-3275","1":"product","2":"type-product","3":"status-publish","4":"has-post-thumbnail","6":"product_cat-chips-sunflower-seeds-sweet-sticks","7":"product_cat-new-products","8":"product_cat-sweets","9":"product_cat-wafer","11":"first","12":"instock","13":"shipping-taxable","14":"purchasable","15":"product-type-variable","16":"wvs-archive-product-wrapper"},"acf":[],"_links":{"self":[{"href":"https:\/\/b2b-armangroup.com\/fr\/wp-json\/wp\/v2\/product\/3275","targetHints":{"allow":["GET"]}}],"collection":[{"href":"https:\/\/b2b-armangroup.com\/fr\/wp-json\/wp\/v2\/product"}],"about":[{"href":"https:\/\/b2b-armangroup.com\/fr\/wp-json\/wp\/v2\/types\/product"}],"replies":[{"embeddable":true,"href":"https:\/\/b2b-armangroup.com\/fr\/wp-json\/wp\/v2\/comments?post=3275"}],"version-history":[{"count":4,"href":"https:\/\/b2b-armangroup.com\/fr\/wp-json\/wp\/v2\/product\/3275\/revisions"}],"predecessor-version":[{"id":13314,"href":"https:\/\/b2b-armangroup.com\/fr\/wp-json\/wp\/v2\/product\/3275\/revisions\/13314"}],"wp:featuredmedia":[{"embeddable":true,"href":"https:\/\/b2b-armangroup.com\/fr\/wp-json\/wp\/v2\/media\/4103"}],"wp:attachment":[{"href":"https:\/\/b2b-armangroup.com\/fr\/wp-json\/wp\/v2\/media?parent=3275"}],"wp:term":[{"taxonomy":"product_brand","embeddable":true,"href":"https:\/\/b2b-armangroup.com\/fr\/wp-json\/wp\/v2\/product_brand?post=3275"},{"taxonomy":"product_cat","embeddable":true,"href":"https:\/\/b2b-armangroup.com\/fr\/wp-json\/wp\/v2\/product_cat?post=3275"},{"taxonomy":"product_tag","embeddable":true,"href":"https:\/\/b2b-armangroup.com\/fr\/wp-json\/wp\/v2\/product_tag?post=3275"}],"curies":[{"name":"wp","href":"https:\/\/api.w.org\/{rel}","templated":true}]}}