{"id":3286,"date":"2025-03-16T15:33:04","date_gmt":"2025-03-16T11:33:04","guid":{"rendered":"https:\/\/b2b-armangroup.com\/product\/condensed-milk-400g\/"},"modified":"2025-10-19T20:34:58","modified_gmt":"2025-10-19T16:34:58","slug":"condensed-milk-400g","status":"publish","type":"product","link":"https:\/\/b2b-armangroup.com\/fr\/produit\/condensed-milk-400g\/","title":{"rendered":"Steinhauer \u2014 Lait concentr\u00e9 sucr\u00e9 397 g"},"content":{"rendered":"","protected":false},"excerpt":{"rendered":"<p class=\"p1\">Steinhauer Lait concentr\u00e9 sucr\u00e9 397 g. Lait concentr\u00e9 classique \u00e0 base de lait entier et de sucre. Onctueux et doux, id\u00e9al pour le caf\u00e9, les desserts et la p\u00e2tisserie. Format : 397 g.<\/p>\n<p>1,40 \u20ac per can<\/p>","protected":false},"featured_media":4113,"comment_status":"open","ping_status":"closed","template":"","meta":{"_acf_changed":false},"product_brand":[],"product_cat":[200],"product_tag":[111],"class_list":{"0":"post-3286","1":"product","2":"type-product","3":"status-publish","4":"has-post-thumbnail","6":"product_cat-condensed-milk","7":"product_tag-condensed-milk","9":"first","10":"instock","11":"shipping-taxable","12":"purchasable","13":"product-type-variable","14":"wvs-archive-product-wrapper"},"acf":[],"_links":{"self":[{"href":"https:\/\/b2b-armangroup.com\/fr\/wp-json\/wp\/v2\/product\/3286","targetHints":{"allow":["GET"]}}],"collection":[{"href":"https:\/\/b2b-armangroup.com\/fr\/wp-json\/wp\/v2\/product"}],"about":[{"href":"https:\/\/b2b-armangroup.com\/fr\/wp-json\/wp\/v2\/types\/product"}],"replies":[{"embeddable":true,"href":"https:\/\/b2b-armangroup.com\/fr\/wp-json\/wp\/v2\/comments?post=3286"}],"version-history":[{"count":3,"href":"https:\/\/b2b-armangroup.com\/fr\/wp-json\/wp\/v2\/product\/3286\/revisions"}],"predecessor-version":[{"id":13697,"href":"https:\/\/b2b-armangroup.com\/fr\/wp-json\/wp\/v2\/product\/3286\/revisions\/13697"}],"wp:featuredmedia":[{"embeddable":true,"href":"https:\/\/b2b-armangroup.com\/fr\/wp-json\/wp\/v2\/media\/4113"}],"wp:attachment":[{"href":"https:\/\/b2b-armangroup.com\/fr\/wp-json\/wp\/v2\/media?parent=3286"}],"wp:term":[{"taxonomy":"product_brand","embeddable":true,"href":"https:\/\/b2b-armangroup.com\/fr\/wp-json\/wp\/v2\/product_brand?post=3286"},{"taxonomy":"product_cat","embeddable":true,"href":"https:\/\/b2b-armangroup.com\/fr\/wp-json\/wp\/v2\/product_cat?post=3286"},{"taxonomy":"product_tag","embeddable":true,"href":"https:\/\/b2b-armangroup.com\/fr\/wp-json\/wp\/v2\/product_tag?post=3286"}],"curies":[{"name":"wp","href":"https:\/\/api.w.org\/{rel}","templated":true}]}}