{"id":3312,"date":"2025-03-16T15:33:05","date_gmt":"2025-03-16T11:33:05","guid":{"rendered":"https:\/\/b2b-armangroup.com\/product\/cookie-sun-140-gr\/"},"modified":"2025-11-22T16:14:42","modified_gmt":"2025-11-22T12:14:42","slug":"cookie-sun-140-gr","status":"publish","type":"product","link":"https:\/\/b2b-armangroup.com\/fr\/produit\/cookie-sun-140-gr\/","title":{"rendered":"Daroink \u2014 Biscuit \u201cSoleil\u201d 140 g"},"content":{"rendered":"","protected":false},"excerpt":{"rendered":"<p class=\"p1\">Daroink Biscuit \u201cSoleil\u201d 140 g. Biscuits croustillants au bl\u00e9, dor\u00e9s et l\u00e9g\u00e8rement sucr\u00e9s. Id\u00e9als pour le petit-d\u00e9jeuner, le go\u00fbter ou une pause gourmande. Format : 140 g.<\/p>\n<p>0,70 \u20ac per pack<\/p>","protected":false},"featured_media":14823,"comment_status":"open","ping_status":"closed","template":"","meta":{"_acf_changed":false},"product_brand":[],"product_cat":[174,201,218,239],"product_tag":[83],"class_list":{"0":"post-3312","1":"product","2":"type-product","3":"status-publish","4":"has-post-thumbnail","6":"product_cat-all-collections","7":"product_cat-daroink","8":"product_cat-sweets","9":"product_cat-wafer","10":"product_tag-83","12":"first","13":"outofstock","14":"shipping-taxable","15":"purchasable","16":"product-type-variable","17":"wvs-archive-product-wrapper"},"acf":[],"_links":{"self":[{"href":"https:\/\/b2b-armangroup.com\/fr\/wp-json\/wp\/v2\/product\/3312","targetHints":{"allow":["GET"]}}],"collection":[{"href":"https:\/\/b2b-armangroup.com\/fr\/wp-json\/wp\/v2\/product"}],"about":[{"href":"https:\/\/b2b-armangroup.com\/fr\/wp-json\/wp\/v2\/types\/product"}],"replies":[{"embeddable":true,"href":"https:\/\/b2b-armangroup.com\/fr\/wp-json\/wp\/v2\/comments?post=3312"}],"version-history":[{"count":4,"href":"https:\/\/b2b-armangroup.com\/fr\/wp-json\/wp\/v2\/product\/3312\/revisions"}],"predecessor-version":[{"id":13309,"href":"https:\/\/b2b-armangroup.com\/fr\/wp-json\/wp\/v2\/product\/3312\/revisions\/13309"}],"wp:featuredmedia":[{"embeddable":true,"href":"https:\/\/b2b-armangroup.com\/fr\/wp-json\/wp\/v2\/media\/14823"}],"wp:attachment":[{"href":"https:\/\/b2b-armangroup.com\/fr\/wp-json\/wp\/v2\/media?parent=3312"}],"wp:term":[{"taxonomy":"product_brand","embeddable":true,"href":"https:\/\/b2b-armangroup.com\/fr\/wp-json\/wp\/v2\/product_brand?post=3312"},{"taxonomy":"product_cat","embeddable":true,"href":"https:\/\/b2b-armangroup.com\/fr\/wp-json\/wp\/v2\/product_cat?post=3312"},{"taxonomy":"product_tag","embeddable":true,"href":"https:\/\/b2b-armangroup.com\/fr\/wp-json\/wp\/v2\/product_tag?post=3312"}],"curies":[{"name":"wp","href":"https:\/\/api.w.org\/{rel}","templated":true}]}}