{"id":3319,"date":"2025-03-16T15:33:05","date_gmt":"2025-03-16T11:33:05","guid":{"rendered":"https:\/\/b2b-armangroup.com\/product\/corn-sticks-chocolate-daroink-80g\/"},"modified":"2026-04-09T13:39:56","modified_gmt":"2026-04-09T09:39:56","slug":"corn-sticks-chocolate-daroink-80g","status":"publish","type":"product","link":"https:\/\/b2b-armangroup.com\/fr\/produit\/corn-sticks-chocolate-daroink-80g\/","title":{"rendered":"Daroink \u2014 B\u00e2tonnets de ma\u00efs au chocolat 80 g"},"content":{"rendered":"","protected":false},"excerpt":{"rendered":"<p class=\"p1\">Daroink B\u00e2tonnets de ma\u00efs au chocolat 80 g. B\u00e2tonnets croustillants et l\u00e9gers au go\u00fbt de chocolat onctueux \u2014 une combinaison parfaite de croquant et de douceur. Id\u00e9al pour une pause gourmande ou un go\u00fbter amusant.<\/p>\n<p>0,45\u20ac<\/p>","protected":false},"featured_media":4169,"comment_status":"open","ping_status":"closed","template":"","meta":{"_acf_changed":false},"product_brand":[],"product_cat":[174,201,186,226,218],"product_tag":[83],"class_list":{"0":"post-3319","1":"product","2":"type-product","3":"status-publish","4":"has-post-thumbnail","6":"product_cat-all-collections","7":"product_cat-daroink","8":"product_cat-sales","9":"product_cat-sweet-sticks","10":"product_cat-sweets","11":"product_tag-83","13":"first","14":"instock","15":"shipping-taxable","16":"purchasable","17":"product-type-variable","18":"wvs-archive-product-wrapper"},"acf":[],"_links":{"self":[{"href":"https:\/\/b2b-armangroup.com\/fr\/wp-json\/wp\/v2\/product\/3319","targetHints":{"allow":["GET"]}}],"collection":[{"href":"https:\/\/b2b-armangroup.com\/fr\/wp-json\/wp\/v2\/product"}],"about":[{"href":"https:\/\/b2b-armangroup.com\/fr\/wp-json\/wp\/v2\/types\/product"}],"replies":[{"embeddable":true,"href":"https:\/\/b2b-armangroup.com\/fr\/wp-json\/wp\/v2\/comments?post=3319"}],"version-history":[{"count":5,"href":"https:\/\/b2b-armangroup.com\/fr\/wp-json\/wp\/v2\/product\/3319\/revisions"}],"predecessor-version":[{"id":16506,"href":"https:\/\/b2b-armangroup.com\/fr\/wp-json\/wp\/v2\/product\/3319\/revisions\/16506"}],"wp:featuredmedia":[{"embeddable":true,"href":"https:\/\/b2b-armangroup.com\/fr\/wp-json\/wp\/v2\/media\/4169"}],"wp:attachment":[{"href":"https:\/\/b2b-armangroup.com\/fr\/wp-json\/wp\/v2\/media?parent=3319"}],"wp:term":[{"taxonomy":"product_brand","embeddable":true,"href":"https:\/\/b2b-armangroup.com\/fr\/wp-json\/wp\/v2\/product_brand?post=3319"},{"taxonomy":"product_cat","embeddable":true,"href":"https:\/\/b2b-armangroup.com\/fr\/wp-json\/wp\/v2\/product_cat?post=3319"},{"taxonomy":"product_tag","embeddable":true,"href":"https:\/\/b2b-armangroup.com\/fr\/wp-json\/wp\/v2\/product_tag?post=3319"}],"curies":[{"name":"wp","href":"https:\/\/api.w.org\/{rel}","templated":true}]}}