{"id":3325,"date":"2025-03-16T15:33:06","date_gmt":"2025-03-16T11:33:06","guid":{"rendered":"https:\/\/b2b-armangroup.com\/product\/corn-sticks-daroink-pineapple-80g\/"},"modified":"2025-10-26T17:42:42","modified_gmt":"2025-10-26T13:42:42","slug":"corn-sticks-daroink-pineapple-80g","status":"publish","type":"product","link":"https:\/\/b2b-armangroup.com\/fr\/produit\/corn-sticks-daroink-pineapple-80g\/","title":{"rendered":"Daroink \u2014 B\u00e2tonnets de ma\u00efs \u00e0 l\u2019ananas 80 g"},"content":{"rendered":"","protected":false},"excerpt":{"rendered":"<p class=\"p1\">Daroink B\u00e2tonnets de ma\u00efs \u00e0 l\u2019ananas 80 g. L\u00e9gers et croustillants, ces b\u00e2tonnets de ma\u00efs au go\u00fbt d\u2019ananas apportent une touche exotique et fruit\u00e9e. Une friandise ensoleill\u00e9e id\u00e9ale pour les enfants et les moments conviviaux.<\/p>\n<p>0,40\u20ac<\/p>","protected":false},"featured_media":4182,"comment_status":"open","ping_status":"closed","template":"","meta":{"_acf_changed":false},"product_brand":[],"product_cat":[201,186,226,218],"product_tag":[83],"class_list":{"0":"post-3325","1":"product","2":"type-product","3":"status-publish","4":"has-post-thumbnail","6":"product_cat-daroink","7":"product_cat-sales","8":"product_cat-sweet-sticks","9":"product_cat-sweets","10":"product_tag-83","12":"first","13":"instock","14":"shipping-taxable","15":"purchasable","16":"product-type-variable","17":"wvs-archive-product-wrapper"},"acf":[],"_links":{"self":[{"href":"https:\/\/b2b-armangroup.com\/fr\/wp-json\/wp\/v2\/product\/3325","targetHints":{"allow":["GET"]}}],"collection":[{"href":"https:\/\/b2b-armangroup.com\/fr\/wp-json\/wp\/v2\/product"}],"about":[{"href":"https:\/\/b2b-armangroup.com\/fr\/wp-json\/wp\/v2\/types\/product"}],"replies":[{"embeddable":true,"href":"https:\/\/b2b-armangroup.com\/fr\/wp-json\/wp\/v2\/comments?post=3325"}],"version-history":[{"count":4,"href":"https:\/\/b2b-armangroup.com\/fr\/wp-json\/wp\/v2\/product\/3325\/revisions"}],"predecessor-version":[{"id":14171,"href":"https:\/\/b2b-armangroup.com\/fr\/wp-json\/wp\/v2\/product\/3325\/revisions\/14171"}],"wp:featuredmedia":[{"embeddable":true,"href":"https:\/\/b2b-armangroup.com\/fr\/wp-json\/wp\/v2\/media\/4182"}],"wp:attachment":[{"href":"https:\/\/b2b-armangroup.com\/fr\/wp-json\/wp\/v2\/media?parent=3325"}],"wp:term":[{"taxonomy":"product_brand","embeddable":true,"href":"https:\/\/b2b-armangroup.com\/fr\/wp-json\/wp\/v2\/product_brand?post=3325"},{"taxonomy":"product_cat","embeddable":true,"href":"https:\/\/b2b-armangroup.com\/fr\/wp-json\/wp\/v2\/product_cat?post=3325"},{"taxonomy":"product_tag","embeddable":true,"href":"https:\/\/b2b-armangroup.com\/fr\/wp-json\/wp\/v2\/product_tag?post=3325"}],"curies":[{"name":"wp","href":"https:\/\/api.w.org\/{rel}","templated":true}]}}