{"id":3331,"date":"2025-03-16T15:33:06","date_gmt":"2025-03-16T11:33:06","guid":{"rendered":"https:\/\/b2b-armangroup.com\/product\/corn-sticks-sweet-300-gr\/"},"modified":"2026-04-09T13:37:26","modified_gmt":"2026-04-09T09:37:26","slug":"corn-sticks-sweet-300-gr","status":"publish","type":"product","link":"https:\/\/b2b-armangroup.com\/fr\/produit\/corn-sticks-sweet-300-gr\/","title":{"rendered":"Daroink \u2014 B\u00e2tonnets de ma\u00efs sucr\u00e9s 300 g"},"content":{"rendered":"","protected":false},"excerpt":{"rendered":"<p class=\"p1\">Daroink B\u00e2tonnets de ma\u00efs sucr\u00e9s 300 g. B\u00e2tonnets de ma\u00efs arm\u00e9niens traditionnels \u2014 l\u00e9gers, croustillants et d\u00e9licatement sucr\u00e9s. Une collation appr\u00e9ci\u00e9e par tous les \u00e2ges, pr\u00e9par\u00e9e \u00e0 partir de semoule de ma\u00efs de qualit\u00e9 sup\u00e9rieure pour une texture fondante. Id\u00e9al \u00e0 partager en famille ou entre amis.<\/p>\n<p>1,10\u20ac<\/p>","protected":false},"featured_media":4204,"comment_status":"open","ping_status":"closed","template":"","meta":{"_acf_changed":false},"product_brand":[],"product_cat":[201,186,226,218],"product_tag":[83],"class_list":{"0":"post-3331","1":"product","2":"type-product","3":"status-publish","4":"has-post-thumbnail","6":"product_cat-daroink","7":"product_cat-sales","8":"product_cat-sweet-sticks","9":"product_cat-sweets","10":"product_tag-83","12":"first","13":"instock","14":"shipping-taxable","15":"purchasable","16":"product-type-variable","17":"wvs-archive-product-wrapper"},"acf":[],"_links":{"self":[{"href":"https:\/\/b2b-armangroup.com\/fr\/wp-json\/wp\/v2\/product\/3331","targetHints":{"allow":["GET"]}}],"collection":[{"href":"https:\/\/b2b-armangroup.com\/fr\/wp-json\/wp\/v2\/product"}],"about":[{"href":"https:\/\/b2b-armangroup.com\/fr\/wp-json\/wp\/v2\/types\/product"}],"replies":[{"embeddable":true,"href":"https:\/\/b2b-armangroup.com\/fr\/wp-json\/wp\/v2\/comments?post=3331"}],"version-history":[{"count":5,"href":"https:\/\/b2b-armangroup.com\/fr\/wp-json\/wp\/v2\/product\/3331\/revisions"}],"predecessor-version":[{"id":16504,"href":"https:\/\/b2b-armangroup.com\/fr\/wp-json\/wp\/v2\/product\/3331\/revisions\/16504"}],"wp:featuredmedia":[{"embeddable":true,"href":"https:\/\/b2b-armangroup.com\/fr\/wp-json\/wp\/v2\/media\/4204"}],"wp:attachment":[{"href":"https:\/\/b2b-armangroup.com\/fr\/wp-json\/wp\/v2\/media?parent=3331"}],"wp:term":[{"taxonomy":"product_brand","embeddable":true,"href":"https:\/\/b2b-armangroup.com\/fr\/wp-json\/wp\/v2\/product_brand?post=3331"},{"taxonomy":"product_cat","embeddable":true,"href":"https:\/\/b2b-armangroup.com\/fr\/wp-json\/wp\/v2\/product_cat?post=3331"},{"taxonomy":"product_tag","embeddable":true,"href":"https:\/\/b2b-armangroup.com\/fr\/wp-json\/wp\/v2\/product_tag?post=3331"}],"curies":[{"name":"wp","href":"https:\/\/api.w.org\/{rel}","templated":true}]}}