{"id":3346,"date":"2025-03-16T15:33:07","date_gmt":"2025-03-16T11:33:07","guid":{"rendered":"https:\/\/b2b-armangroup.com\/product\/corn-sticks-with-banana-flavor80-gr\/"},"modified":"2026-03-31T12:44:04","modified_gmt":"2026-03-31T08:44:04","slug":"corn-sticks-with-banana-flavor80-gr","status":"publish","type":"product","link":"https:\/\/b2b-armangroup.com\/fr\/produit\/corn-sticks-with-banana-flavor80-gr\/","title":{"rendered":"Daroink \u2014 B\u00e2tonnets de ma\u00efs \u00e0 la banane 80 g"},"content":{"rendered":"","protected":false},"excerpt":{"rendered":"<p class=\"p1\">Daroink B\u00e2tonnets de ma\u00efs \u00e0 la banane 80 g. L\u00e9gers et fondants, ces b\u00e2tonnets de ma\u00efs au go\u00fbt doux de banane raviront petits et grands. Une collation joyeuse et savoureuse pour toutes les occasions.<\/p>\n<p>0,40\u20ac<\/p>","protected":false},"featured_media":4249,"comment_status":"open","ping_status":"closed","template":"","meta":{"_acf_changed":false},"product_brand":[],"product_cat":[178,201,186,226,218],"product_tag":[83],"class_list":{"0":"post-3346","1":"product","2":"type-product","3":"status-publish","4":"has-post-thumbnail","6":"product_cat-chips-sunflower-seeds-sweet-sticks","7":"product_cat-daroink","8":"product_cat-sales","9":"product_cat-sweet-sticks","10":"product_cat-sweets","11":"product_tag-83","13":"first","14":"outofstock","15":"shipping-taxable","16":"purchasable","17":"product-type-variable","18":"wvs-archive-product-wrapper"},"acf":[],"_links":{"self":[{"href":"https:\/\/b2b-armangroup.com\/fr\/wp-json\/wp\/v2\/product\/3346","targetHints":{"allow":["GET"]}}],"collection":[{"href":"https:\/\/b2b-armangroup.com\/fr\/wp-json\/wp\/v2\/product"}],"about":[{"href":"https:\/\/b2b-armangroup.com\/fr\/wp-json\/wp\/v2\/types\/product"}],"replies":[{"embeddable":true,"href":"https:\/\/b2b-armangroup.com\/fr\/wp-json\/wp\/v2\/comments?post=3346"}],"version-history":[{"count":5,"href":"https:\/\/b2b-armangroup.com\/fr\/wp-json\/wp\/v2\/product\/3346\/revisions"}],"predecessor-version":[{"id":14376,"href":"https:\/\/b2b-armangroup.com\/fr\/wp-json\/wp\/v2\/product\/3346\/revisions\/14376"}],"wp:featuredmedia":[{"embeddable":true,"href":"https:\/\/b2b-armangroup.com\/fr\/wp-json\/wp\/v2\/media\/4249"}],"wp:attachment":[{"href":"https:\/\/b2b-armangroup.com\/fr\/wp-json\/wp\/v2\/media?parent=3346"}],"wp:term":[{"taxonomy":"product_brand","embeddable":true,"href":"https:\/\/b2b-armangroup.com\/fr\/wp-json\/wp\/v2\/product_brand?post=3346"},{"taxonomy":"product_cat","embeddable":true,"href":"https:\/\/b2b-armangroup.com\/fr\/wp-json\/wp\/v2\/product_cat?post=3346"},{"taxonomy":"product_tag","embeddable":true,"href":"https:\/\/b2b-armangroup.com\/fr\/wp-json\/wp\/v2\/product_tag?post=3346"}],"curies":[{"name":"wp","href":"https:\/\/api.w.org\/{rel}","templated":true}]}}