{"id":3353,"date":"2025-03-16T15:33:07","date_gmt":"2025-03-16T11:33:07","guid":{"rendered":"https:\/\/b2b-armangroup.com\/product\/corn-sticks-with-coconut-flavor-80-gr\/"},"modified":"2026-04-09T13:36:22","modified_gmt":"2026-04-09T09:36:22","slug":"corn-sticks-with-coconut-flavor-80-gr","status":"publish","type":"product","link":"https:\/\/b2b-armangroup.com\/fr\/produit\/corn-sticks-with-coconut-flavor-80-gr\/","title":{"rendered":"Daroink \u2014 B\u00e2tonnets de ma\u00efs \u00e0 la noix de coco 80 g"},"content":{"rendered":"","protected":false},"excerpt":{"rendered":"<p class=\"p1\">Daroink B\u00e2tonnets de ma\u00efs \u00e0 la noix de coco 80 g. L\u00e9gers et croustillants, ces b\u00e2tonnets de ma\u00efs offrent une douce saveur de noix de coco tropicale. Une friandise exotique et gourmande, id\u00e9ale pour une pause sucr\u00e9e pleine de soleil.<\/p>\n<p>0,40\u20ac<\/p>","protected":false},"featured_media":4272,"comment_status":"open","ping_status":"closed","template":"","meta":{"_acf_changed":false},"product_brand":[],"product_cat":[174,201,186,226,218],"product_tag":[83],"class_list":{"0":"post-3353","1":"product","2":"type-product","3":"status-publish","4":"has-post-thumbnail","6":"product_cat-all-collections","7":"product_cat-daroink","8":"product_cat-sales","9":"product_cat-sweet-sticks","10":"product_cat-sweets","11":"product_tag-83","13":"first","14":"instock","15":"shipping-taxable","16":"purchasable","17":"product-type-variable","18":"wvs-archive-product-wrapper"},"acf":[],"_links":{"self":[{"href":"https:\/\/b2b-armangroup.com\/fr\/wp-json\/wp\/v2\/product\/3353","targetHints":{"allow":["GET"]}}],"collection":[{"href":"https:\/\/b2b-armangroup.com\/fr\/wp-json\/wp\/v2\/product"}],"about":[{"href":"https:\/\/b2b-armangroup.com\/fr\/wp-json\/wp\/v2\/types\/product"}],"replies":[{"embeddable":true,"href":"https:\/\/b2b-armangroup.com\/fr\/wp-json\/wp\/v2\/comments?post=3353"}],"version-history":[{"count":5,"href":"https:\/\/b2b-armangroup.com\/fr\/wp-json\/wp\/v2\/product\/3353\/revisions"}],"predecessor-version":[{"id":16503,"href":"https:\/\/b2b-armangroup.com\/fr\/wp-json\/wp\/v2\/product\/3353\/revisions\/16503"}],"wp:featuredmedia":[{"embeddable":true,"href":"https:\/\/b2b-armangroup.com\/fr\/wp-json\/wp\/v2\/media\/4272"}],"wp:attachment":[{"href":"https:\/\/b2b-armangroup.com\/fr\/wp-json\/wp\/v2\/media?parent=3353"}],"wp:term":[{"taxonomy":"product_brand","embeddable":true,"href":"https:\/\/b2b-armangroup.com\/fr\/wp-json\/wp\/v2\/product_brand?post=3353"},{"taxonomy":"product_cat","embeddable":true,"href":"https:\/\/b2b-armangroup.com\/fr\/wp-json\/wp\/v2\/product_cat?post=3353"},{"taxonomy":"product_tag","embeddable":true,"href":"https:\/\/b2b-armangroup.com\/fr\/wp-json\/wp\/v2\/product_tag?post=3353"}],"curies":[{"name":"wp","href":"https:\/\/api.w.org\/{rel}","templated":true}]}}