{"id":3516,"date":"2025-03-16T15:33:15","date_gmt":"2025-03-16T11:33:15","guid":{"rendered":"https:\/\/b2b-armangroup.com\/product\/copy-of-cucumbers-marinated-avshar-520g\/"},"modified":"2026-03-20T00:20:12","modified_gmt":"2026-03-19T20:20:12","slug":"copy-of-cucumbers-marinated-avshar-520g","status":"publish","type":"product","link":"https:\/\/b2b-armangroup.com\/fr\/produit\/copy-of-cucumbers-marinated-avshar-520g\/","title":{"rendered":"Avshar- Concombres marin\u00e9s -1000 g"},"content":{"rendered":"","protected":false},"excerpt":{"rendered":"<p class=\"p1\">Avshar Concombres marin\u00e9s 1000 g. Cornichons croquants marin\u00e9s naturellement avec des herbes aromatiques et des \u00e9pices. Un go\u00fbt arm\u00e9nien traditionnel pour chaque table.<\/p>\n<p class=\"p2\"><b>Bo\u00eete de 6 bocaux.<\/b><\/p>\n<p>2.5 \u20ac<\/p>","protected":false},"featured_media":16237,"comment_status":"open","ping_status":"closed","template":"","meta":{"_acf_changed":false},"product_brand":[],"product_cat":[174,194,176,198],"product_tag":[77,78,108],"class_list":{"0":"post-3516","1":"product","2":"type-product","3":"status-publish","4":"has-post-thumbnail","6":"product_cat-all-collections","7":"product_cat-avshar","8":"product_cat-canned-goods","9":"product_cat-canned-vegetables-all-brands","10":"product_tag-avshar","11":"product_tag-78","12":"product_tag-108","14":"first","15":"instock","16":"shipping-taxable","17":"purchasable","18":"product-type-variable","19":"wvs-archive-product-wrapper"},"acf":[],"_links":{"self":[{"href":"https:\/\/b2b-armangroup.com\/fr\/wp-json\/wp\/v2\/product\/3516","targetHints":{"allow":["GET"]}}],"collection":[{"href":"https:\/\/b2b-armangroup.com\/fr\/wp-json\/wp\/v2\/product"}],"about":[{"href":"https:\/\/b2b-armangroup.com\/fr\/wp-json\/wp\/v2\/types\/product"}],"replies":[{"embeddable":true,"href":"https:\/\/b2b-armangroup.com\/fr\/wp-json\/wp\/v2\/comments?post=3516"}],"version-history":[{"count":8,"href":"https:\/\/b2b-armangroup.com\/fr\/wp-json\/wp\/v2\/product\/3516\/revisions"}],"predecessor-version":[{"id":13668,"href":"https:\/\/b2b-armangroup.com\/fr\/wp-json\/wp\/v2\/product\/3516\/revisions\/13668"}],"wp:featuredmedia":[{"embeddable":true,"href":"https:\/\/b2b-armangroup.com\/fr\/wp-json\/wp\/v2\/media\/16237"}],"wp:attachment":[{"href":"https:\/\/b2b-armangroup.com\/fr\/wp-json\/wp\/v2\/media?parent=3516"}],"wp:term":[{"taxonomy":"product_brand","embeddable":true,"href":"https:\/\/b2b-armangroup.com\/fr\/wp-json\/wp\/v2\/product_brand?post=3516"},{"taxonomy":"product_cat","embeddable":true,"href":"https:\/\/b2b-armangroup.com\/fr\/wp-json\/wp\/v2\/product_cat?post=3516"},{"taxonomy":"product_tag","embeddable":true,"href":"https:\/\/b2b-armangroup.com\/fr\/wp-json\/wp\/v2\/product_tag?post=3516"}],"curies":[{"name":"wp","href":"https:\/\/api.w.org\/{rel}","templated":true}]}}