{"id":3698,"date":"2025-03-16T15:33:23","date_gmt":"2025-03-16T11:33:23","guid":{"rendered":"https:\/\/b2b-armangroup.com\/product\/dried-basil-30g\/"},"modified":"2026-03-13T17:12:32","modified_gmt":"2026-03-13T13:12:32","slug":"dried-basil-30g","status":"publish","type":"product","link":"https:\/\/b2b-armangroup.com\/fr\/produit\/dried-basil-30g\/","title":{"rendered":"Basilic s\u00e9ch\u00e9 30g"},"content":{"rendered":"","protected":false},"excerpt":{"rendered":"<p class=\"p1\">Basilic s\u00e9ch\u00e9 aromatique, soigneusement s\u00e9lectionn\u00e9 et emball\u00e9 pour pr\u00e9server sa saveur intense et son parfum. Incontournable dans la cuisine m\u00e9diterran\u00e9enne et arm\u00e9nienne, il rehausse les salades, viandes, poissons, p\u00e2tes et soupes. Sachet pratique de 30g.<\/p>\n<p>1,30 \u20ac per pack<\/p>","protected":false},"featured_media":4849,"comment_status":"open","ping_status":"closed","template":"","meta":{"_acf_changed":false},"product_brand":[],"product_cat":[182],"product_tag":[124],"class_list":{"0":"post-3698","1":"product","2":"type-product","3":"status-publish","4":"has-post-thumbnail","6":"product_cat-dried-greens","7":"product_tag-124","9":"first","10":"outofstock","11":"shipping-taxable","12":"purchasable","13":"product-type-variable","14":"wvs-archive-product-wrapper"},"acf":[],"_links":{"self":[{"href":"https:\/\/b2b-armangroup.com\/fr\/wp-json\/wp\/v2\/product\/3698","targetHints":{"allow":["GET"]}}],"collection":[{"href":"https:\/\/b2b-armangroup.com\/fr\/wp-json\/wp\/v2\/product"}],"about":[{"href":"https:\/\/b2b-armangroup.com\/fr\/wp-json\/wp\/v2\/types\/product"}],"replies":[{"embeddable":true,"href":"https:\/\/b2b-armangroup.com\/fr\/wp-json\/wp\/v2\/comments?post=3698"}],"version-history":[{"count":5,"href":"https:\/\/b2b-armangroup.com\/fr\/wp-json\/wp\/v2\/product\/3698\/revisions"}],"predecessor-version":[{"id":14174,"href":"https:\/\/b2b-armangroup.com\/fr\/wp-json\/wp\/v2\/product\/3698\/revisions\/14174"}],"wp:featuredmedia":[{"embeddable":true,"href":"https:\/\/b2b-armangroup.com\/fr\/wp-json\/wp\/v2\/media\/4849"}],"wp:attachment":[{"href":"https:\/\/b2b-armangroup.com\/fr\/wp-json\/wp\/v2\/media?parent=3698"}],"wp:term":[{"taxonomy":"product_brand","embeddable":true,"href":"https:\/\/b2b-armangroup.com\/fr\/wp-json\/wp\/v2\/product_brand?post=3698"},{"taxonomy":"product_cat","embeddable":true,"href":"https:\/\/b2b-armangroup.com\/fr\/wp-json\/wp\/v2\/product_cat?post=3698"},{"taxonomy":"product_tag","embeddable":true,"href":"https:\/\/b2b-armangroup.com\/fr\/wp-json\/wp\/v2\/product_tag?post=3698"}],"curies":[{"name":"wp","href":"https:\/\/api.w.org\/{rel}","templated":true}]}}