{"id":3787,"date":"2025-03-16T15:33:28","date_gmt":"2025-03-16T11:33:28","guid":{"rendered":"https:\/\/b2b-armangroup.com\/product\/dried-mint-30g\/"},"modified":"2025-10-07T20:02:19","modified_gmt":"2025-10-07T16:02:19","slug":"dried-mint-30g","status":"publish","type":"product","link":"https:\/\/b2b-armangroup.com\/fr\/produit\/dried-mint-30g\/","title":{"rendered":"Menthe s\u00e9ch\u00e9e 30g"},"content":{"rendered":"","protected":false},"excerpt":{"rendered":"<p class=\"p1\">Feuilles de menthe s\u00e9ch\u00e9es au parfum frais et rafra\u00eechissant. Ingr\u00e9dient essentiel dans la cuisine arm\u00e9nienne, moyen-orientale et m\u00e9diterran\u00e9enne. Id\u00e9al pour les soupes, salades, sauces, plats d\u2019agneau et tisanes. Sachet pratique de 30g.<\/p>\n<p>1,50 \u20ac per pack<\/p>","protected":false},"featured_media":4965,"comment_status":"open","ping_status":"closed","template":"","meta":{"_acf_changed":false},"product_brand":[],"product_cat":[182],"product_tag":[124],"class_list":{"0":"post-3787","1":"product","2":"type-product","3":"status-publish","4":"has-post-thumbnail","6":"product_cat-dried-greens","7":"product_tag-124","9":"first","10":"outofstock","11":"shipping-taxable","12":"purchasable","13":"product-type-variable","14":"wvs-archive-product-wrapper"},"acf":[],"_links":{"self":[{"href":"https:\/\/b2b-armangroup.com\/fr\/wp-json\/wp\/v2\/product\/3787","targetHints":{"allow":["GET"]}}],"collection":[{"href":"https:\/\/b2b-armangroup.com\/fr\/wp-json\/wp\/v2\/product"}],"about":[{"href":"https:\/\/b2b-armangroup.com\/fr\/wp-json\/wp\/v2\/types\/product"}],"replies":[{"embeddable":true,"href":"https:\/\/b2b-armangroup.com\/fr\/wp-json\/wp\/v2\/comments?post=3787"}],"version-history":[{"count":2,"href":"https:\/\/b2b-armangroup.com\/fr\/wp-json\/wp\/v2\/product\/3787\/revisions"}],"predecessor-version":[{"id":13253,"href":"https:\/\/b2b-armangroup.com\/fr\/wp-json\/wp\/v2\/product\/3787\/revisions\/13253"}],"wp:featuredmedia":[{"embeddable":true,"href":"https:\/\/b2b-armangroup.com\/fr\/wp-json\/wp\/v2\/media\/4965"}],"wp:attachment":[{"href":"https:\/\/b2b-armangroup.com\/fr\/wp-json\/wp\/v2\/media?parent=3787"}],"wp:term":[{"taxonomy":"product_brand","embeddable":true,"href":"https:\/\/b2b-armangroup.com\/fr\/wp-json\/wp\/v2\/product_brand?post=3787"},{"taxonomy":"product_cat","embeddable":true,"href":"https:\/\/b2b-armangroup.com\/fr\/wp-json\/wp\/v2\/product_cat?post=3787"},{"taxonomy":"product_tag","embeddable":true,"href":"https:\/\/b2b-armangroup.com\/fr\/wp-json\/wp\/v2\/product_tag?post=3787"}],"curies":[{"name":"wp","href":"https:\/\/api.w.org\/{rel}","templated":true}]}}