{"id":3959,"date":"2025-03-16T15:33:38","date_gmt":"2025-03-16T11:33:38","guid":{"rendered":"https:\/\/b2b-armangroup.com\/product\/dried-savory-30g\/"},"modified":"2025-10-07T19:59:02","modified_gmt":"2025-10-07T15:59:02","slug":"dried-savory-30g","status":"publish","type":"product","link":"https:\/\/b2b-armangroup.com\/fr\/produit\/dried-savory-30g\/","title":{"rendered":"Sariette s\u00e9ch\u00e9e 30g"},"content":{"rendered":"","protected":false},"excerpt":{"rendered":"<p class=\"p1\">Feuilles de sarriette s\u00e9ch\u00e9es, au go\u00fbt poivr\u00e9 intense et au parfum riche. \u00c9pice traditionnelle de la cuisine arm\u00e9nienne et m\u00e9diterran\u00e9enne, id\u00e9ale pour les haricots, viandes, poissons, soupes et marinades. Sachet pratique de 30g.<\/p>\n<p>1,30 \u20ac per pack<\/p>","protected":false},"featured_media":5215,"comment_status":"open","ping_status":"closed","template":"","meta":{"_acf_changed":false},"product_brand":[],"product_cat":[182],"product_tag":[124],"class_list":{"0":"post-3959","1":"product","2":"type-product","3":"status-publish","4":"has-post-thumbnail","6":"product_cat-dried-greens","7":"product_tag-124","9":"first","10":"instock","11":"shipping-taxable","12":"purchasable","13":"product-type-variable","14":"wvs-archive-product-wrapper"},"acf":[],"_links":{"self":[{"href":"https:\/\/b2b-armangroup.com\/fr\/wp-json\/wp\/v2\/product\/3959","targetHints":{"allow":["GET"]}}],"collection":[{"href":"https:\/\/b2b-armangroup.com\/fr\/wp-json\/wp\/v2\/product"}],"about":[{"href":"https:\/\/b2b-armangroup.com\/fr\/wp-json\/wp\/v2\/types\/product"}],"replies":[{"embeddable":true,"href":"https:\/\/b2b-armangroup.com\/fr\/wp-json\/wp\/v2\/comments?post=3959"}],"version-history":[{"count":4,"href":"https:\/\/b2b-armangroup.com\/fr\/wp-json\/wp\/v2\/product\/3959\/revisions"}],"predecessor-version":[{"id":13251,"href":"https:\/\/b2b-armangroup.com\/fr\/wp-json\/wp\/v2\/product\/3959\/revisions\/13251"}],"wp:featuredmedia":[{"embeddable":true,"href":"https:\/\/b2b-armangroup.com\/fr\/wp-json\/wp\/v2\/media\/5215"}],"wp:attachment":[{"href":"https:\/\/b2b-armangroup.com\/fr\/wp-json\/wp\/v2\/media?parent=3959"}],"wp:term":[{"taxonomy":"product_brand","embeddable":true,"href":"https:\/\/b2b-armangroup.com\/fr\/wp-json\/wp\/v2\/product_brand?post=3959"},{"taxonomy":"product_cat","embeddable":true,"href":"https:\/\/b2b-armangroup.com\/fr\/wp-json\/wp\/v2\/product_cat?post=3959"},{"taxonomy":"product_tag","embeddable":true,"href":"https:\/\/b2b-armangroup.com\/fr\/wp-json\/wp\/v2\/product_tag?post=3959"}],"curies":[{"name":"wp","href":"https:\/\/api.w.org\/{rel}","templated":true}]}}