{"id":4084,"date":"2025-03-16T15:33:43","date_gmt":"2025-03-16T11:33:43","guid":{"rendered":"https:\/\/b2b-armangroup.com\/product\/eclairs-with-cocoa-250g\/"},"modified":"2025-12-02T20:54:06","modified_gmt":"2025-12-02T16:54:06","slug":"eclairs-with-cocoa-250g","status":"publish","type":"product","link":"https:\/\/b2b-armangroup.com\/fr\/produit\/eclairs-with-cocoa-250g\/","title":{"rendered":"Marlenka \u2014 \u00c9clairs au cacao 250 g"},"content":{"rendered":"","protected":false},"excerpt":{"rendered":"<p class=\"p1\">Marlenka \u00c9clairs au cacao 250 g. Petits \u00e9clairs moelleux garnis d\u2019une cr\u00e8me onctueuse au cacao et saupoudr\u00e9s de sucre glace. Une version chocolat\u00e9e du c\u00e9l\u00e8bre \u00e9clair Marlenka, mariant douceur du miel et intensit\u00e9 du cacao. Id\u00e9al avec un caf\u00e9 ou un th\u00e9. Format : 250 g.<\/p>\n<p>4,48 \u20ac<\/p>","protected":false},"featured_media":13346,"comment_status":"open","ping_status":"closed","template":"","meta":{"_acf_changed":false},"product_brand":[],"product_cat":[185],"product_tag":[91],"class_list":{"0":"post-4084","1":"product","2":"type-product","3":"status-publish","4":"has-post-thumbnail","6":"product_cat-marlenka","7":"product_tag-91","9":"first","10":"outofstock","11":"shipping-taxable","12":"purchasable","13":"product-type-variable","14":"wvs-archive-product-wrapper"},"acf":[],"_links":{"self":[{"href":"https:\/\/b2b-armangroup.com\/fr\/wp-json\/wp\/v2\/product\/4084","targetHints":{"allow":["GET"]}}],"collection":[{"href":"https:\/\/b2b-armangroup.com\/fr\/wp-json\/wp\/v2\/product"}],"about":[{"href":"https:\/\/b2b-armangroup.com\/fr\/wp-json\/wp\/v2\/types\/product"}],"replies":[{"embeddable":true,"href":"https:\/\/b2b-armangroup.com\/fr\/wp-json\/wp\/v2\/comments?post=4084"}],"version-history":[{"count":2,"href":"https:\/\/b2b-armangroup.com\/fr\/wp-json\/wp\/v2\/product\/4084\/revisions"}],"predecessor-version":[{"id":13347,"href":"https:\/\/b2b-armangroup.com\/fr\/wp-json\/wp\/v2\/product\/4084\/revisions\/13347"}],"wp:featuredmedia":[{"embeddable":true,"href":"https:\/\/b2b-armangroup.com\/fr\/wp-json\/wp\/v2\/media\/13346"}],"wp:attachment":[{"href":"https:\/\/b2b-armangroup.com\/fr\/wp-json\/wp\/v2\/media?parent=4084"}],"wp:term":[{"taxonomy":"product_brand","embeddable":true,"href":"https:\/\/b2b-armangroup.com\/fr\/wp-json\/wp\/v2\/product_brand?post=4084"},{"taxonomy":"product_cat","embeddable":true,"href":"https:\/\/b2b-armangroup.com\/fr\/wp-json\/wp\/v2\/product_cat?post=4084"},{"taxonomy":"product_tag","embeddable":true,"href":"https:\/\/b2b-armangroup.com\/fr\/wp-json\/wp\/v2\/product_tag?post=4084"}],"curies":[{"name":"wp","href":"https:\/\/api.w.org\/{rel}","templated":true}]}}