{"id":4216,"date":"2025-03-16T15:33:49","date_gmt":"2025-03-16T11:33:49","guid":{"rendered":"https:\/\/b2b-armangroup.com\/product\/eggplant-caviar-spicy-royal-500g\/"},"modified":"2026-04-08T23:57:02","modified_gmt":"2026-04-08T19:57:02","slug":"eggplant-caviar-spicy-royal-500g","status":"publish","type":"product","link":"https:\/\/b2b-armangroup.com\/fr\/produit\/eggplant-caviar-spicy-royal-500g\/","title":{"rendered":"Royal - Caviar d'aubergine \u00c9pic\u00e9 - 500g"},"content":{"rendered":"","protected":false},"excerpt":{"rendered":"<p class=\"p1\">Royal Caviar d\u2019aubergine \u00e9pic\u00e9 500 g. Une version relev\u00e9e du caviar d\u2019aubergine classique. Pr\u00e9par\u00e9 \u00e0 partir d\u2019aubergines grill\u00e9es, de tomates et de piment pour un go\u00fbt riche et intense.<\/p>\n<p>3,40\u20ac<\/p>","protected":false},"featured_media":16495,"comment_status":"open","ping_status":"closed","template":"","meta":{"_acf_changed":false},"product_brand":[],"product_cat":[174,176,198,209],"product_tag":[103,78],"class_list":{"0":"post-4216","1":"product","2":"type-product","3":"status-publish","4":"has-post-thumbnail","6":"product_cat-all-collections","7":"product_cat-canned-goods","8":"product_cat-canned-vegetables-all-brands","9":"product_cat-royal","10":"product_tag-royal","11":"product_tag-78","13":"first","14":"instock","15":"shipping-taxable","16":"purchasable","17":"product-type-variable","18":"wvs-archive-product-wrapper"},"acf":[],"_links":{"self":[{"href":"https:\/\/b2b-armangroup.com\/fr\/wp-json\/wp\/v2\/product\/4216","targetHints":{"allow":["GET"]}}],"collection":[{"href":"https:\/\/b2b-armangroup.com\/fr\/wp-json\/wp\/v2\/product"}],"about":[{"href":"https:\/\/b2b-armangroup.com\/fr\/wp-json\/wp\/v2\/types\/product"}],"replies":[{"embeddable":true,"href":"https:\/\/b2b-armangroup.com\/fr\/wp-json\/wp\/v2\/comments?post=4216"}],"version-history":[{"count":5,"href":"https:\/\/b2b-armangroup.com\/fr\/wp-json\/wp\/v2\/product\/4216\/revisions"}],"predecessor-version":[{"id":13547,"href":"https:\/\/b2b-armangroup.com\/fr\/wp-json\/wp\/v2\/product\/4216\/revisions\/13547"}],"wp:featuredmedia":[{"embeddable":true,"href":"https:\/\/b2b-armangroup.com\/fr\/wp-json\/wp\/v2\/media\/16495"}],"wp:attachment":[{"href":"https:\/\/b2b-armangroup.com\/fr\/wp-json\/wp\/v2\/media?parent=4216"}],"wp:term":[{"taxonomy":"product_brand","embeddable":true,"href":"https:\/\/b2b-armangroup.com\/fr\/wp-json\/wp\/v2\/product_brand?post=4216"},{"taxonomy":"product_cat","embeddable":true,"href":"https:\/\/b2b-armangroup.com\/fr\/wp-json\/wp\/v2\/product_cat?post=4216"},{"taxonomy":"product_tag","embeddable":true,"href":"https:\/\/b2b-armangroup.com\/fr\/wp-json\/wp\/v2\/product_tag?post=4216"}],"curies":[{"name":"wp","href":"https:\/\/api.w.org\/{rel}","templated":true}]}}