{"id":4239,"date":"2025-03-16T15:33:50","date_gmt":"2025-03-16T11:33:50","guid":{"rendered":"https:\/\/b2b-armangroup.com\/product\/eggplant-spicy-caviar-avshar-500g\/"},"modified":"2026-03-24T23:50:15","modified_gmt":"2026-03-24T19:50:15","slug":"eggplant-spicy-caviar-avshar-500g","status":"publish","type":"product","link":"https:\/\/b2b-armangroup.com\/fr\/produit\/eggplant-spicy-caviar-avshar-500g\/","title":{"rendered":"Avshar -Caviar d\u2019aubergine piquant -500 g"},"content":{"rendered":"","protected":false},"excerpt":{"rendered":"<p class=\"p1\">Avshar Caviar d\u2019aubergine piquant 500 g. Une version relev\u00e9e du caviar d\u2019aubergine traditionnel \u2014 pr\u00e9par\u00e9e avec des l\u00e9gumes grill\u00e9s et des \u00e9pices arm\u00e9niennes. Id\u00e9al avec du pain, de la viande ou en trempette.<\/p>\n<p class=\"p2\"><b>Bo\u00eete de 8 bocaux.<\/b><\/p>\n<p>2.90\u20ac<\/p>","protected":false},"featured_media":16243,"comment_status":"open","ping_status":"closed","template":"","meta":{"_acf_changed":false},"product_brand":[],"product_cat":[174,194,176,198,186],"product_tag":[77,78],"class_list":{"0":"post-4239","1":"product","2":"type-product","3":"status-publish","4":"has-post-thumbnail","6":"product_cat-all-collections","7":"product_cat-avshar","8":"product_cat-canned-goods","9":"product_cat-canned-vegetables-all-brands","10":"product_cat-sales","11":"product_tag-avshar","12":"product_tag-78","14":"first","15":"instock","16":"shipping-taxable","17":"purchasable","18":"product-type-variable","19":"wvs-archive-product-wrapper"},"acf":[],"_links":{"self":[{"href":"https:\/\/b2b-armangroup.com\/fr\/wp-json\/wp\/v2\/product\/4239","targetHints":{"allow":["GET"]}}],"collection":[{"href":"https:\/\/b2b-armangroup.com\/fr\/wp-json\/wp\/v2\/product"}],"about":[{"href":"https:\/\/b2b-armangroup.com\/fr\/wp-json\/wp\/v2\/types\/product"}],"replies":[{"embeddable":true,"href":"https:\/\/b2b-armangroup.com\/fr\/wp-json\/wp\/v2\/comments?post=4239"}],"version-history":[{"count":9,"href":"https:\/\/b2b-armangroup.com\/fr\/wp-json\/wp\/v2\/product\/4239\/revisions"}],"predecessor-version":[{"id":16283,"href":"https:\/\/b2b-armangroup.com\/fr\/wp-json\/wp\/v2\/product\/4239\/revisions\/16283"}],"wp:featuredmedia":[{"embeddable":true,"href":"https:\/\/b2b-armangroup.com\/fr\/wp-json\/wp\/v2\/media\/16243"}],"wp:attachment":[{"href":"https:\/\/b2b-armangroup.com\/fr\/wp-json\/wp\/v2\/media?parent=4239"}],"wp:term":[{"taxonomy":"product_brand","embeddable":true,"href":"https:\/\/b2b-armangroup.com\/fr\/wp-json\/wp\/v2\/product_brand?post=4239"},{"taxonomy":"product_cat","embeddable":true,"href":"https:\/\/b2b-armangroup.com\/fr\/wp-json\/wp\/v2\/product_cat?post=4239"},{"taxonomy":"product_tag","embeddable":true,"href":"https:\/\/b2b-armangroup.com\/fr\/wp-json\/wp\/v2\/product_tag?post=4239"}],"curies":[{"name":"wp","href":"https:\/\/api.w.org\/{rel}","templated":true}]}}