{"id":4362,"date":"2025-03-16T15:33:55","date_gmt":"2025-03-16T11:33:55","guid":{"rendered":"https:\/\/b2b-armangroup.com\/product\/fruchella-400g\/"},"modified":"2026-02-22T21:20:42","modified_gmt":"2026-02-22T17:20:42","slug":"fruchella-400g","status":"publish","type":"product","link":"https:\/\/b2b-armangroup.com\/fr\/produit\/fruchella-400g\/","title":{"rendered":"Fruchella 400g"},"content":{"rendered":"","protected":false},"excerpt":{"rendered":"<p class=\"p1\">Fruchella 400 g. Une confiserie arm\u00e9nienne raffin\u00e9e qui marie la grenade et les fruits s\u00e9ch\u00e9s au soleil dans de tendres bouch\u00e9es naturellement sucr\u00e9es. Chaque pi\u00e8ce est confectionn\u00e9e \u00e0 la main pour pr\u00e9server la saveur authentique et la fra\u00eecheur des fruits. Un pur d\u00e9lice \u2014 parfait \u00e0 offrir ou \u00e0 savourer en dessert raffin\u00e9.<\/p>\n<p>6,95 \u20ac<\/p>","protected":false},"featured_media":14830,"comment_status":"open","ping_status":"closed","template":"","meta":{"_acf_changed":false},"product_brand":[],"product_cat":[197,251,181,218],"product_tag":[82],"class_list":{"0":"post-4362","1":"product","2":"type-product","3":"status-publish","4":"has-post-thumbnail","6":"product_cat-candies","7":"product_cat-dried-fruits-dried-fruits","8":"product_cat-dried-fruits","9":"product_cat-sweets","10":"product_tag-82","12":"first","13":"instock","14":"sale","15":"shipping-taxable","16":"purchasable","17":"product-type-variable","18":"wvs-archive-product-wrapper"},"acf":[],"_links":{"self":[{"href":"https:\/\/b2b-armangroup.com\/fr\/wp-json\/wp\/v2\/product\/4362","targetHints":{"allow":["GET"]}}],"collection":[{"href":"https:\/\/b2b-armangroup.com\/fr\/wp-json\/wp\/v2\/product"}],"about":[{"href":"https:\/\/b2b-armangroup.com\/fr\/wp-json\/wp\/v2\/types\/product"}],"replies":[{"embeddable":true,"href":"https:\/\/b2b-armangroup.com\/fr\/wp-json\/wp\/v2\/comments?post=4362"}],"version-history":[{"count":6,"href":"https:\/\/b2b-armangroup.com\/fr\/wp-json\/wp\/v2\/product\/4362\/revisions"}],"predecessor-version":[{"id":13726,"href":"https:\/\/b2b-armangroup.com\/fr\/wp-json\/wp\/v2\/product\/4362\/revisions\/13726"}],"wp:featuredmedia":[{"embeddable":true,"href":"https:\/\/b2b-armangroup.com\/fr\/wp-json\/wp\/v2\/media\/14830"}],"wp:attachment":[{"href":"https:\/\/b2b-armangroup.com\/fr\/wp-json\/wp\/v2\/media?parent=4362"}],"wp:term":[{"taxonomy":"product_brand","embeddable":true,"href":"https:\/\/b2b-armangroup.com\/fr\/wp-json\/wp\/v2\/product_brand?post=4362"},{"taxonomy":"product_cat","embeddable":true,"href":"https:\/\/b2b-armangroup.com\/fr\/wp-json\/wp\/v2\/product_cat?post=4362"},{"taxonomy":"product_tag","embeddable":true,"href":"https:\/\/b2b-armangroup.com\/fr\/wp-json\/wp\/v2\/product_tag?post=4362"}],"curies":[{"name":"wp","href":"https:\/\/api.w.org\/{rel}","templated":true}]}}