{"id":4414,"date":"2025-03-16T15:33:57","date_gmt":"2025-03-16T11:33:57","guid":{"rendered":"https:\/\/b2b-armangroup.com\/product\/ghavourma-1kg\/"},"modified":"2025-10-07T18:05:22","modified_gmt":"2025-10-07T14:05:22","slug":"ghavourma-1kg","status":"publish","type":"product","link":"https:\/\/b2b-armangroup.com\/fr\/produit\/ghavourma-1kg\/","title":{"rendered":"Ghavourma 1kg"},"content":{"rendered":"","protected":false},"excerpt":{"rendered":"<p class=\"p1\">Ghavurma arm\u00e9nien traditionnel \u2013 morceaux de b\u0153uf tendres, cuits lentement et conserv\u00e9s dans leur propre graisse, assaisonn\u00e9s avec des \u00e9pices aromatiques. Un plat riche et savoureux, id\u00e9al avec du lavash, des oignons et des herbes fra\u00eeches. Paquet de 1kg.<\/p>\n<p>22,50 \u20ac per kg<\/p>","protected":false},"featured_media":5939,"comment_status":"open","ping_status":"closed","template":"","meta":{"_acf_changed":false},"product_brand":[],"product_cat":[174,175,229,233],"product_tag":[],"class_list":{"0":"post-4414","1":"product","2":"type-product","3":"status-publish","4":"has-post-thumbnail","6":"product_cat-all-collections","7":"product_cat-basturma-sujukh-khash-qyufta-lavash-ghavourma","8":"product_cat-meat-products","9":"product_cat-qyufta","11":"first","12":"outofstock","13":"shipping-taxable","14":"purchasable","15":"product-type-variable","16":"wvs-archive-product-wrapper"},"acf":[],"_links":{"self":[{"href":"https:\/\/b2b-armangroup.com\/fr\/wp-json\/wp\/v2\/product\/4414","targetHints":{"allow":["GET"]}}],"collection":[{"href":"https:\/\/b2b-armangroup.com\/fr\/wp-json\/wp\/v2\/product"}],"about":[{"href":"https:\/\/b2b-armangroup.com\/fr\/wp-json\/wp\/v2\/types\/product"}],"replies":[{"embeddable":true,"href":"https:\/\/b2b-armangroup.com\/fr\/wp-json\/wp\/v2\/comments?post=4414"}],"version-history":[{"count":3,"href":"https:\/\/b2b-armangroup.com\/fr\/wp-json\/wp\/v2\/product\/4414\/revisions"}],"predecessor-version":[{"id":13245,"href":"https:\/\/b2b-armangroup.com\/fr\/wp-json\/wp\/v2\/product\/4414\/revisions\/13245"}],"wp:featuredmedia":[{"embeddable":true,"href":"https:\/\/b2b-armangroup.com\/fr\/wp-json\/wp\/v2\/media\/5939"}],"wp:attachment":[{"href":"https:\/\/b2b-armangroup.com\/fr\/wp-json\/wp\/v2\/media?parent=4414"}],"wp:term":[{"taxonomy":"product_brand","embeddable":true,"href":"https:\/\/b2b-armangroup.com\/fr\/wp-json\/wp\/v2\/product_brand?post=4414"},{"taxonomy":"product_cat","embeddable":true,"href":"https:\/\/b2b-armangroup.com\/fr\/wp-json\/wp\/v2\/product_cat?post=4414"},{"taxonomy":"product_tag","embeddable":true,"href":"https:\/\/b2b-armangroup.com\/fr\/wp-json\/wp\/v2\/product_tag?post=4414"}],"curies":[{"name":"wp","href":"https:\/\/api.w.org\/{rel}","templated":true}]}}