{"id":4544,"date":"2025-03-16T15:34:05","date_gmt":"2025-03-16T11:34:05","guid":{"rendered":"https:\/\/b2b-armangroup.com\/product\/grilled-mixed-vegetables-avshar-970g\/"},"modified":"2026-03-25T00:01:32","modified_gmt":"2026-03-24T20:01:32","slug":"grilled-mixed-vegetables-avshar-970g","status":"publish","type":"product","link":"https:\/\/b2b-armangroup.com\/fr\/produit\/grilled-mixed-vegetables-avshar-970g\/","title":{"rendered":"Avshar-M\u00e9lange de L\u00e9gumes Grill\u00e9s-970g"},"content":{"rendered":"","protected":false},"excerpt":{"rendered":"<p class=\"p1\">Avshar L\u00e9gumes grill\u00e9s m\u00e9lang\u00e9s 970 g. M\u00e9lange savoureux d\u2019aubergines, de poivrons et d\u2019autres l\u00e9gumes, grill\u00e9s \u00e0 la perfection et conserv\u00e9s dans de l\u2019huile naturelle. Id\u00e9al en accompagnement ou en entr\u00e9e.<\/p>\n<p class=\"p2\"><b>Bo\u00eete de 6 bocaux.<\/b><\/p>\n<p>3,40\u20ac<\/p>","protected":false},"featured_media":14758,"comment_status":"open","ping_status":"closed","template":"","meta":{"_acf_changed":false},"product_brand":[],"product_cat":[174,194,176,198,260,186],"product_tag":[77,78],"class_list":{"0":"post-4544","1":"product","2":"type-product","3":"status-publish","4":"has-post-thumbnail","6":"product_cat-all-collections","7":"product_cat-avshar","8":"product_cat-canned-goods","9":"product_cat-canned-vegetables-all-brands","10":"product_cat-new-products","11":"product_cat-sales","12":"product_tag-avshar","13":"product_tag-78","15":"first","16":"instock","17":"shipping-taxable","18":"purchasable","19":"product-type-variable","20":"wvs-archive-product-wrapper"},"acf":[],"_links":{"self":[{"href":"https:\/\/b2b-armangroup.com\/fr\/wp-json\/wp\/v2\/product\/4544","targetHints":{"allow":["GET"]}}],"collection":[{"href":"https:\/\/b2b-armangroup.com\/fr\/wp-json\/wp\/v2\/product"}],"about":[{"href":"https:\/\/b2b-armangroup.com\/fr\/wp-json\/wp\/v2\/types\/product"}],"replies":[{"embeddable":true,"href":"https:\/\/b2b-armangroup.com\/fr\/wp-json\/wp\/v2\/comments?post=4544"}],"version-history":[{"count":7,"href":"https:\/\/b2b-armangroup.com\/fr\/wp-json\/wp\/v2\/product\/4544\/revisions"}],"predecessor-version":[{"id":16286,"href":"https:\/\/b2b-armangroup.com\/fr\/wp-json\/wp\/v2\/product\/4544\/revisions\/16286"}],"wp:featuredmedia":[{"embeddable":true,"href":"https:\/\/b2b-armangroup.com\/fr\/wp-json\/wp\/v2\/media\/14758"}],"wp:attachment":[{"href":"https:\/\/b2b-armangroup.com\/fr\/wp-json\/wp\/v2\/media?parent=4544"}],"wp:term":[{"taxonomy":"product_brand","embeddable":true,"href":"https:\/\/b2b-armangroup.com\/fr\/wp-json\/wp\/v2\/product_brand?post=4544"},{"taxonomy":"product_cat","embeddable":true,"href":"https:\/\/b2b-armangroup.com\/fr\/wp-json\/wp\/v2\/product_cat?post=4544"},{"taxonomy":"product_tag","embeddable":true,"href":"https:\/\/b2b-armangroup.com\/fr\/wp-json\/wp\/v2\/product_tag?post=4544"}],"curies":[{"name":"wp","href":"https:\/\/api.w.org\/{rel}","templated":true}]}}