{"id":4688,"date":"2025-03-16T15:34:12","date_gmt":"2025-03-16T11:34:12","guid":{"rendered":"https:\/\/b2b-armangroup.com\/product\/honey-cake-marlenka-with-walnuts-800g\/"},"modified":"2025-10-12T13:53:06","modified_gmt":"2025-10-12T09:53:06","slug":"honey-cake-marlenka-with-walnuts-800g","status":"publish","type":"product","link":"https:\/\/b2b-armangroup.com\/fr\/produit\/honey-cake-marlenka-with-walnuts-800g\/","title":{"rendered":"Marlenka \u2014 G\u00e2teau au miel aux noix 800 g"},"content":{"rendered":"","protected":false},"excerpt":{"rendered":"<p class=\"p1\">Marlenka G\u00e2teau au miel aux noix 800 g. G\u00e2teau au miel \u00e0 plusieurs couches, garni de morceaux croquants de noix et d\u2019une cr\u00e8me au miel naturelle. Inspir\u00e9 d\u2019une recette familiale arm\u00e9nienne classique pour un go\u00fbt riche et onctueux. Format : 800 g.<\/p>\n<p>9,67 \u20ac<\/p>","protected":false},"featured_media":6400,"comment_status":"open","ping_status":"closed","template":"","meta":{"_acf_changed":false},"product_brand":[],"product_cat":[185],"product_tag":[91],"class_list":{"0":"post-4688","1":"product","2":"type-product","3":"status-publish","4":"has-post-thumbnail","6":"product_cat-marlenka","7":"product_tag-91","9":"first","10":"instock","11":"shipping-taxable","12":"purchasable","13":"product-type-variable","14":"wvs-archive-product-wrapper"},"acf":[],"_links":{"self":[{"href":"https:\/\/b2b-armangroup.com\/fr\/wp-json\/wp\/v2\/product\/4688","targetHints":{"allow":["GET"]}}],"collection":[{"href":"https:\/\/b2b-armangroup.com\/fr\/wp-json\/wp\/v2\/product"}],"about":[{"href":"https:\/\/b2b-armangroup.com\/fr\/wp-json\/wp\/v2\/types\/product"}],"replies":[{"embeddable":true,"href":"https:\/\/b2b-armangroup.com\/fr\/wp-json\/wp\/v2\/comments?post=4688"}],"version-history":[{"count":2,"href":"https:\/\/b2b-armangroup.com\/fr\/wp-json\/wp\/v2\/product\/4688\/revisions"}],"predecessor-version":[{"id":13330,"href":"https:\/\/b2b-armangroup.com\/fr\/wp-json\/wp\/v2\/product\/4688\/revisions\/13330"}],"wp:featuredmedia":[{"embeddable":true,"href":"https:\/\/b2b-armangroup.com\/fr\/wp-json\/wp\/v2\/media\/6400"}],"wp:attachment":[{"href":"https:\/\/b2b-armangroup.com\/fr\/wp-json\/wp\/v2\/media?parent=4688"}],"wp:term":[{"taxonomy":"product_brand","embeddable":true,"href":"https:\/\/b2b-armangroup.com\/fr\/wp-json\/wp\/v2\/product_brand?post=4688"},{"taxonomy":"product_cat","embeddable":true,"href":"https:\/\/b2b-armangroup.com\/fr\/wp-json\/wp\/v2\/product_cat?post=4688"},{"taxonomy":"product_tag","embeddable":true,"href":"https:\/\/b2b-armangroup.com\/fr\/wp-json\/wp\/v2\/product_tag?post=4688"}],"curies":[{"name":"wp","href":"https:\/\/api.w.org\/{rel}","templated":true}]}}