{"id":4694,"date":"2025-03-16T15:34:12","date_gmt":"2025-03-16T11:34:12","guid":{"rendered":"https:\/\/b2b-armangroup.com\/product\/honey-cake-with-cinnamon-800g\/"},"modified":"2025-10-12T13:56:01","modified_gmt":"2025-10-12T09:56:01","slug":"honey-cake-with-cinnamon-800g","status":"publish","type":"product","link":"https:\/\/b2b-armangroup.com\/fr\/produit\/honey-cake-with-cinnamon-800g\/","title":{"rendered":"Marlenka \u2014 G\u00e2teau au miel \u00e0 la cannelle 800 g"},"content":{"rendered":"","protected":false},"excerpt":{"rendered":"<p class=\"p1\">Marlenka G\u00e2teau au miel \u00e0 la cannelle 800 g. G\u00e2teau au miel \u00e0 plusieurs couches, parfum\u00e9 \u00e0 la cannelle et \u00e0 la cr\u00e8me au miel. Une douceur \u00e9pic\u00e9e et chaleureuse, inspir\u00e9e des recettes familiales arm\u00e9niennes. Format : 800 g.<\/p>\n<p>9,68 \u20ac<\/p>","protected":false},"featured_media":13331,"comment_status":"open","ping_status":"closed","template":"","meta":{"_acf_changed":false},"product_brand":[],"product_cat":[174,185],"product_tag":[91],"class_list":{"0":"post-4694","1":"product","2":"type-product","3":"status-publish","4":"has-post-thumbnail","6":"product_cat-all-collections","7":"product_cat-marlenka","8":"product_tag-91","10":"first","11":"instock","12":"shipping-taxable","13":"purchasable","14":"product-type-variable","15":"wvs-archive-product-wrapper"},"acf":[],"_links":{"self":[{"href":"https:\/\/b2b-armangroup.com\/fr\/wp-json\/wp\/v2\/product\/4694","targetHints":{"allow":["GET"]}}],"collection":[{"href":"https:\/\/b2b-armangroup.com\/fr\/wp-json\/wp\/v2\/product"}],"about":[{"href":"https:\/\/b2b-armangroup.com\/fr\/wp-json\/wp\/v2\/types\/product"}],"replies":[{"embeddable":true,"href":"https:\/\/b2b-armangroup.com\/fr\/wp-json\/wp\/v2\/comments?post=4694"}],"version-history":[{"count":2,"href":"https:\/\/b2b-armangroup.com\/fr\/wp-json\/wp\/v2\/product\/4694\/revisions"}],"predecessor-version":[{"id":13332,"href":"https:\/\/b2b-armangroup.com\/fr\/wp-json\/wp\/v2\/product\/4694\/revisions\/13332"}],"wp:featuredmedia":[{"embeddable":true,"href":"https:\/\/b2b-armangroup.com\/fr\/wp-json\/wp\/v2\/media\/13331"}],"wp:attachment":[{"href":"https:\/\/b2b-armangroup.com\/fr\/wp-json\/wp\/v2\/media?parent=4694"}],"wp:term":[{"taxonomy":"product_brand","embeddable":true,"href":"https:\/\/b2b-armangroup.com\/fr\/wp-json\/wp\/v2\/product_brand?post=4694"},{"taxonomy":"product_cat","embeddable":true,"href":"https:\/\/b2b-armangroup.com\/fr\/wp-json\/wp\/v2\/product_cat?post=4694"},{"taxonomy":"product_tag","embeddable":true,"href":"https:\/\/b2b-armangroup.com\/fr\/wp-json\/wp\/v2\/product_tag?post=4694"}],"curies":[{"name":"wp","href":"https:\/\/api.w.org\/{rel}","templated":true}]}}